{"id":195,"date":"2015-10-28T08:25:55","date_gmt":"2015-10-28T07:25:55","guid":{"rendered":"http:\/\/chandelier.elated-themes.com\/?page_id=195"},"modified":"2022-03-04T22:37:46","modified_gmt":"2022-03-04T21:37:46","slug":"ardem","status":"publish","type":"page","link":"https:\/\/ardem.ch\/fr\/fr\/","title":{"rendered":"ARdEM"},"content":{"rendered":"<p>[vc_row row_type=\u00a0\u00bbrow\u00a0\u00bb content_width=\u00a0\u00bbfull-width\u00a0\u00bb anchor=\u00a0\u00bb\u00a0\u00bb content_aligment=\u00a0\u00bbleft\u00a0\u00bb css_animation=\u00a0\u00bb\u00a0\u00bb][vc_column][vc_empty_space][\/vc_column][\/vc_row][vc_row row_type=\u00a0\u00bbrow\u00a0\u00bb content_width=\u00a0\u00bbgrid\u00a0\u00bb anchor=\u00a0\u00bb\u00a0\u00bb content_aligment=\u00a0\u00bbcenter\u00a0\u00bb css_animation=\u00a0\u00bb\u00a0\u00bb][vc_column offset=\u00a0\u00bbvc_col-md-4&Prime;][vc_single_image image=\u00a0\u00bb30611&Prime; img_size=\u00a0\u00bblarge\u00a0\u00bb alignment=\u00a0\u00bbcenter\u00a0\u00bb onclick=\u00a0\u00bbcustom_link\u00a0\u00bb link=\u00a0\u00bbhttps:\/\/ardem.ch\/pedagogie-montessori\/\u00a0\u00bb][vc_column_text]<\/p>\n<h3 style=\"text-align: center;\">P\u00c9DAGOGIE MONTESSORI<\/h3>\n<p>[\/vc_column_text][vc_column_text]<\/p>\n<p style=\"text-align: center;\">Une p\u00e9dagogie qui permet aux enfants de savoir faire face au monde encore inconnu de demain&#8230;<\/p>\n<p>[\/vc_column_text][vc_empty_space height=\u00a0\u00bb20px\u00a0\u00bb]<a href=\"https:\/\/ardem.ch\/pedagogie-montessori\/\" target=\"_self\"  class=\"eltd-btn eltd-btn-small eltd-btn-outline\"  >\n    <span class=\"eltd-btn-text\">Lire la suite<\/span>\n    <\/a>[vc_empty_space height=\u00a0\u00bb40px\u00a0\u00bb][\/vc_column][vc_column offset=\u00a0\u00bbvc_col-md-4&Prime;][vc_single_image image=\u00a0\u00bb30608&Prime; img_size=\u00a0\u00bblarge\u00a0\u00bb alignment=\u00a0\u00bbcenter\u00a0\u00bb onclick=\u00a0\u00bbcustom_link\u00a0\u00bb link=\u00a0\u00bbhttps:\/\/ardem.ch\/ecoles\/\u00a0\u00bb][vc_column_text]<\/p>\n<h3 style=\"text-align: center;\">DES \u00c9COLES DE QUALIT\u00c9<\/h3>\n<p>[\/vc_column_text][vc_column_text]<\/p>\n<p style=\"text-align: center;\">qui restent proches des fondements de la p\u00e9dagogie Montessori&#8230;<\/p>\n<p>[\/vc_column_text][vc_empty_space height=\u00a0\u00bb20px\u00a0\u00bb]<a href=\"https:\/\/ardem.ch\/ecoles\/\" target=\"_self\"  class=\"eltd-btn eltd-btn-small eltd-btn-outline\"  >\n    <span class=\"eltd-btn-text\">Lire la suite<\/span>\n    <\/a>[vc_empty_space height=\u00a0\u00bb40px\u00a0\u00bb][\/vc_column][vc_column offset=\u00a0\u00bbvc_col-md-4&Prime;][vc_single_image image=\u00a0\u00bb30610&Prime; img_size=\u00a0\u00bblarge\u00a0\u00bb alignment=\u00a0\u00bbcenter\u00a0\u00bb onclick=\u00a0\u00bbcustom_link\u00a0\u00bb link=\u00a0\u00bbhttps:\/\/ardem.ch\/structures-daccueil-et-institutions-2\/\u00a0\u00bb][vc_column_text]<\/p>\n<h3 style=\"text-align: center;\">DES STRUCTURES D&rsquo;ACCUEIL ET DES INSTITUTIONS<\/h3>\n<p>[\/vc_column_text][vc_column_text]<\/p>\n<p style=\"text-align: center;\">qui s&rsquo;inspirent des principes de cette p\u00e9dagogie dans leur mani\u00e8re d&rsquo;accompagner les enfants&#8230;<\/p>\n<p>[\/vc_column_text][vc_empty_space height=\u00a0\u00bb20px\u00a0\u00bb]<a href=\"https:\/\/ardem.ch\/structures-daccueil-et-institutions-2\/\" target=\"_self\"  class=\"eltd-btn eltd-btn-small eltd-btn-outline\"  >\n    <span class=\"eltd-btn-text\">Lire la suite<\/span>\n    <\/a>[vc_empty_space height=\u00a0\u00bb40px\u00a0\u00bb][\/vc_column][\/vc_row][vc_row row_type=\u00a0\u00bbrow\u00a0\u00bb content_width=\u00a0\u00bbgrid\u00a0\u00bb anchor=\u00a0\u00bb\u00a0\u00bb content_aligment=\u00a0\u00bbcenter\u00a0\u00bb css_animation=\u00a0\u00bb\u00a0\u00bb css=\u00a0\u00bb.vc_custom_1567101587218{padding-bottom: 45px !important;}\u00a0\u00bb][vc_column width=\u00a0\u00bb1\/6&Prime;][\/vc_column][vc_column width=\u00a0\u00bb1\/6&Prime; offset=\u00a0\u00bbvc_col-md-4&Prime;][vc_single_image image=\u00a0\u00bb30609&Prime; img_size=\u00a0\u00bblarge\u00a0\u00bb alignment=\u00a0\u00bbcenter\u00a0\u00bb onclick=\u00a0\u00bbcustom_link\u00a0\u00bb link=\u00a0\u00bbhttps:\/\/ardem.ch\/formation-continue\/\u00a0\u00bb][vc_column_text]<\/p>\n<h3 style=\"text-align: center;\">FORMATION CONTINUE<\/h3>\n<p>[\/vc_column_text][vc_column_text]<\/p>\n<p style=\"text-align: center;\">Une fois form\u00e9, un nouveau chemin s&rsquo;ouvre pour l&rsquo;enseignant ou l&rsquo;\u00e9ducateur&#8230;<\/p>\n<p>[\/vc_column_text][vc_column_text]<\/p>\n<p style=\"text-align: center;\">Proposition actuelle:<\/p>\n<h5 style=\"text-align: center;\">Montessori, neurosciences et apprentissage<\/h5>\n<p style=\"text-align: center;\">par la Dresse Solange Denervaud et l&rsquo;enseignante AMI Pascale Randin<\/p>\n<p style=\"text-align: center;\">26-27 septembre 2020<\/p>\n<p>[\/vc_column_text][vc_empty_space height=\u00a0\u00bb20px\u00a0\u00bb]<a href=\"https:\/\/ardem.ch\/formation-continue\/\" target=\"_self\"  class=\"eltd-btn eltd-btn-small eltd-btn-outline\"  >\n    <span class=\"eltd-btn-text\">Lire la suite<\/span>\n    <\/a>[vc_empty_space height=\u00a0\u00bb40px\u00a0\u00bb][\/vc_column][vc_column width=\u00a0\u00bb1\/2&Prime; offset=\u00a0\u00bbvc_col-md-4&Prime;][vc_single_image image=\u00a0\u00bb30612&Prime; img_size=\u00a0\u00bblarge\u00a0\u00bb alignment=\u00a0\u00bbcenter\u00a0\u00bb onclick=\u00a0\u00bbcustom_link\u00a0\u00bb link=\u00a0\u00bbhttps:\/\/ardem.ch\/recherche-scientifique\/\u00a0\u00bb][vc_column_text]<\/p>\n<h3 style=\"text-align: center;\">RECHERCHE SCIENTIFIQUE<\/h3>\n<p>[\/vc_column_text][vc_empty_space height=\u00a0\u00bb20px\u00a0\u00bb][vc_column_text]<\/p>\n<h4 style=\"text-align: center;\">\u00e9v\u00e9nement mondial<\/h4>\n<h5 style=\"text-align: center;\">Une suissesse obtient son doctorat en neurosciences suite \u00e0 ses recherches sur Montessori.<\/h5>\n<p style=\"text-align: center;\">Et d&rsquo;autres informations sur cette p\u00e9dagogie et le monde scientifique<\/p>\n<p>[\/vc_column_text][vc_empty_space height=\u00a0\u00bb20px\u00a0\u00bb]<a href=\"https:\/\/ardem.ch\/recherche-scientifique\/\" target=\"_self\"  class=\"eltd-btn eltd-btn-small eltd-btn-outline\"  >\n    <span class=\"eltd-btn-text\">Lire la suite<\/span>\n    <\/a>[vc_empty_space height=\u00a0\u00bb40px\u00a0\u00bb][\/vc_column][vc_column width=\u00a0\u00bb1\/6&Prime;][\/vc_column][\/vc_row][vc_row row_type=\u00a0\u00bbparallax\u00a0\u00bb content_width=\u00a0\u00bbgrid\u00a0\u00bb anchor=\u00a0\u00bb\u00a0\u00bb bottom_triangle=\u00a0\u00bbno\u00a0\u00bb content_aligment=\u00a0\u00bbcenter\u00a0\u00bb full_screen_section_height=\u00a0\u00bbno\u00a0\u00bb section_height=\u00a0\u00bb414&Prime; parallax_speed=\u00a0\u00bb0.8&Prime; css=\u00a0\u00bb.vc_custom_1567266507603{background-color: #ad96c8 !important;}\u00a0\u00bb][vc_column width=\u00a0\u00bb2\/3&Prime; offset=\u00a0\u00bbvc_col-lg-offset-2 vc_col-lg-8 vc_col-md-offset-2 vc_col-md-8 vc_col-sm-offset-2&Prime;][vc_empty_space height=\u00a0\u00bb70&Prime;]<div class=\"eltd-section-title-outer-holder animate\" style=\"text-align: center\">\n\t<div class=\"eltd-section-title-subtitle-holder\">\n\t\t<h3 class=\"eltd-section-subtitle\" style=\";\"><\/h3>\n\t<\/div>\n\t<div class=\"eltd-section-title-holder\">\n\t\t<h2 class=\"eltd-section-title\" style=\";color: #ffffff\">Nos Membres<\/h2>\n\t<\/div>\n<\/div>[vc_column_text]<span style=\"color: #ffffff;\">Des \u00e9coles qui appliquent la p\u00e9dagogie Montessori<br \/>\nDes structures d\u2019accueil et des institutions qui s\u2019inspirent des principes de cette p\u00e9dagogie dans leur mani\u00e8re d\u2019accompagner les enfants<\/span>[\/vc_column_text][vc_empty_space height=\u00a0\u00bb30px\u00a0\u00bb]<a href=\"https:\/\/ardem.ch\/ecoles-montessori\/\" target=\"_self\" style=\"color: #ffffff;background-color: #5500cc;border-color: #ffffff\" class=\"eltd-btn eltd-btn-small eltd-btn-solid eltd-btn-custom-hover-color\" data-hover-color=\"#efbe37\" >\n    <span class=\"eltd-btn-text\">Ecoles Montessori<\/span>\n    <\/a>[vc_empty_space height=\u00a0\u00bb30px\u00a0\u00bb]<a href=\"https:\/\/ardem.ch\/structures-daccueil-et-institutions\/\" target=\"_self\" style=\"color: #ffffff;background-color: #5500cc;border-color: #ffffff\" class=\"eltd-btn eltd-btn-small eltd-btn-solid eltd-btn-custom-hover-color\" data-hover-color=\"#efbe37\" >\n    <span class=\"eltd-btn-text\">Structures d&#039;accueil et Institutions<\/span>\n    <\/a>[vc_empty_space height=\u00a0\u00bb30&Prime;][\/vc_column][\/vc_row][vc_row row_type=\u00a0\u00bbparallax\u00a0\u00bb content_width=\u00a0\u00bbgrid\u00a0\u00bb anchor=\u00a0\u00bb\u00a0\u00bb bottom_triangle=\u00a0\u00bbno\u00a0\u00bb content_aligment=\u00a0\u00bbcenter\u00a0\u00bb full_screen_section_height=\u00a0\u00bbno\u00a0\u00bb section_height=\u00a0\u00bb200&Prime; parallax_speed=\u00a0\u00bb0.8&Prime;][vc_column width=\u00a0\u00bb1\/6&Prime;][\/vc_column][vc_column width=\u00a0\u00bb2\/3&Prime;][vc_empty_space height=\u00a0\u00bb100&Prime;]<div class=\"eltd-section-title-outer-holder \" style=\"text-align: center\">\n\t<div class=\"eltd-section-title-subtitle-holder\">\n\t\t<h3 class=\"eltd-section-subtitle\" style=\";\"><\/h3>\n\t<\/div>\n\t<div class=\"eltd-section-title-holder\">\n\t\t<h2 class=\"eltd-section-title\" style=\";\">Actualit\u00e9 - Blog<\/h2>\n\t<\/div>\n<\/div>[\/vc_column][vc_column width=\u00a0\u00bb1\/6&Prime;][\/vc_column][\/vc_row][vc_row row_type=\u00a0\u00bbrow\u00a0\u00bb content_width=\u00a0\u00bbgrid\u00a0\u00bb anchor=\u00a0\u00bb\u00a0\u00bb content_aligment=\u00a0\u00bbleft\u00a0\u00bb css_animation=\u00a0\u00bb\u00a0\u00bb][vc_column]<div class=\"eltd-blog-list-holder eltd-masonry \">\n\t<ul class=\"eltd-blog-list\">\n\t\t\t<li class=\"eltd-blog-list-masonry-grid-sizer\"><\/li>\n\t\t<li class=\"eltd-blog-list-masonry-grid-gutter\"><\/li>\n\t<li class=\"eltd-blog-list-item eltd-blog-list-masonry-item\">\n\t<div class=\"eltd-blog-list-item-inner\">\n\t\t<div class=\"eltd-item-image clearfix\">\n\t\t\t<a href=\"https:\/\/ardem.ch\/fr\/fr\/journee-portes-ouvertes-a-lecole-montessori-vevey\/\">\n\t\t\t\t<img loading=\"lazy\" decoding=\"async\" width=\"1170\" height=\"1448\" src=\"https:\/\/ardem.ch\/wp-content\/uploads\/2026\/02\/WhatsApp-Image-2026-02-28-at-10.46.59.jpeg\" class=\"attachment-full size-full wp-post-image\" alt=\"\" srcset=\"https:\/\/ardem.ch\/wp-content\/uploads\/2026\/02\/WhatsApp-Image-2026-02-28-at-10.46.59.jpeg 1170w, https:\/\/ardem.ch\/wp-content\/uploads\/2026\/02\/WhatsApp-Image-2026-02-28-at-10.46.59-242x300.jpeg 242w, https:\/\/ardem.ch\/wp-content\/uploads\/2026\/02\/WhatsApp-Image-2026-02-28-at-10.46.59-827x1024.jpeg 827w, https:\/\/ardem.ch\/wp-content\/uploads\/2026\/02\/WhatsApp-Image-2026-02-28-at-10.46.59-768x950.jpeg 768w\" sizes=\"auto, (max-width: 1170px) 100vw, 1170px\" \/>\t\t\t\t\n\t\t\t<\/a>\n\t\t<\/div>\t\n\t\t<div class=\"eltd-item-text-holder\">\n\t\t\t<h6 class=\"eltd-item-title \">\n\t\t\t\t<a href=\"https:\/\/ardem.ch\/fr\/fr\/journee-portes-ouvertes-a-lecole-montessori-vevey\/\" >\n\t\t\t\t\tJourn\u00e9e portes ouvertes \u00e0 l&rsquo;\u00c9COLE MONTESSORI VEVEY\t\t\t\t<\/a>\n\t\t\t<\/h6>\n\t\t\t\t\t\t\t<p class=\"eltd-excerpt\">du 6 au 13 Mars &#8211; LU-MA &amp; JE-VE 17h00-19h00 \/ ME 14h00-17h00 Entr\u00e9e Libre...<\/p>\n\t\t\t\t\t<\/div>\n\t\t<div class=\"eltd-item-info-section\">\n\t\t\t<div class=\"eltd-post-info-date\">\n\t\t<span class=\"eltd-post-date-month\">\n\t\tF\u00e9v\t<\/span>\n\t<span class=\"eltd-post-date-day-year\">\n\t\t<span class=\"eltd-post-date-day\">\n\t\t\t28\t\t<\/span>\n\t\t<span class=\"eltd-post-date-year\">\n\t\t\t2026\t\t<\/span>\n\t<\/span>\n\t<\/div><div class=\"eltd-post-info-author\"><a class=\"eltd-post-info-author-link\" href=\"https:\/\/ardem.ch\/fr\/author\/christian\/\">Christian Castricone<\/a><\/div>\n<div class=\"eltd-post-info-category\"><a href=\"https:\/\/ardem.ch\/fr\/fr\/category\/actualite\/\" rel=\"category tag\">Actualit\u00e9s<\/a><\/div>\t\t<\/div>\n\t<\/div>\t\n<\/li><li class=\"eltd-blog-list-item eltd-blog-list-masonry-item\">\n\t<div class=\"eltd-blog-list-item-inner\">\n\t\t<div class=\"eltd-item-image clearfix\">\n\t\t\t<a href=\"https:\/\/ardem.ch\/fr\/fr\/bonne-nouvelle-lecole-montessori-vevey-obtient-a-nouveau-la-certification-qsc\/\">\n\t\t\t\t<img loading=\"lazy\" decoding=\"async\" width=\"800\" height=\"600\" src=\"https:\/\/ardem.ch\/wp-content\/uploads\/2025\/10\/Montessori_Vevey_nouvelleclasse_2025.jpg\" class=\"attachment-full size-full wp-post-image\" alt=\"\" srcset=\"https:\/\/ardem.ch\/wp-content\/uploads\/2025\/10\/Montessori_Vevey_nouvelleclasse_2025.jpg 800w, https:\/\/ardem.ch\/wp-content\/uploads\/2025\/10\/Montessori_Vevey_nouvelleclasse_2025-300x225.jpg 300w, https:\/\/ardem.ch\/wp-content\/uploads\/2025\/10\/Montessori_Vevey_nouvelleclasse_2025-768x576.jpg 768w\" sizes=\"auto, (max-width: 800px) 100vw, 800px\" \/>\t\t\t\t\n\t\t\t<\/a>\n\t\t<\/div>\t\n\t\t<div class=\"eltd-item-text-holder\">\n\t\t\t<h6 class=\"eltd-item-title \">\n\t\t\t\t<a href=\"https:\/\/ardem.ch\/fr\/fr\/bonne-nouvelle-lecole-montessori-vevey-obtient-a-nouveau-la-certification-qsc\/\" >\n\t\t\t\t\tBonne nouvelle &#8211; L&rsquo;\u00e9cole Montessori Vevey obtient \u00e0 nouveau la certification QSC\t\t\t\t<\/a>\n\t\t\t<\/h6>\n\t\t\t\t\t\t\t<p class=\"eltd-excerpt\">L\u2019\u00e9cole Montessori Vevey, un de nos \u00e9tablissements membres, a cette ann\u00e9e encore obtenu avec succ\u00e8s la certification Quality School&nbsp;Certificate (QSC), valable 3 ans, apr\u00e8s un audit complet r\u00e9alis\u00e9 sur place. QSC est une certification sc...<\/p>\n\t\t\t\t\t<\/div>\n\t\t<div class=\"eltd-item-info-section\">\n\t\t\t<div class=\"eltd-post-info-date\">\n\t\t<span class=\"eltd-post-date-month\">\n\t\tNov\t<\/span>\n\t<span class=\"eltd-post-date-day-year\">\n\t\t<span class=\"eltd-post-date-day\">\n\t\t\t22\t\t<\/span>\n\t\t<span class=\"eltd-post-date-year\">\n\t\t\t2025\t\t<\/span>\n\t<\/span>\n\t<\/div><div class=\"eltd-post-info-author\"><a class=\"eltd-post-info-author-link\" href=\"https:\/\/ardem.ch\/fr\/author\/christian\/\">Christian Castricone<\/a><\/div>\n<div class=\"eltd-post-info-category\"><a href=\"https:\/\/ardem.ch\/fr\/fr\/category\/actualite\/\" rel=\"category tag\">Actualit\u00e9s<\/a><\/div>\t\t<\/div>\n\t<\/div>\t\n<\/li><li class=\"eltd-blog-list-item eltd-blog-list-masonry-item\">\n\t<div class=\"eltd-blog-list-item-inner\">\n\t\t<div class=\"eltd-item-image clearfix\">\n\t\t\t<a href=\"https:\/\/ardem.ch\/fr\/en\/news-the-french-part-of-the-conference-is-also-going-to-be-translate-in-english\/\">\n\t\t\t\t<img loading=\"lazy\" decoding=\"async\" width=\"960\" height=\"1387\" src=\"https:\/\/ardem.ch\/wp-content\/uploads\/2023\/11\/FLYER-CONF-SITE-ARDEM-NEW-1-2-pdf.jpg\" class=\"attachment-full size-full wp-post-image\" alt=\"\" \/>\t\t\t\t\n\t\t\t<\/a>\n\t\t<\/div>\t\n\t\t<div class=\"eltd-item-text-holder\">\n\t\t\t<h6 class=\"eltd-item-title \">\n\t\t\t\t<a href=\"https:\/\/ardem.ch\/fr\/en\/news-the-french-part-of-the-conference-is-also-going-to-be-translate-in-english\/\" >\n\t\t\t\t\tEDUCATIONAL CHALLENGES: WHAT SCIENCE HAS TO SAY,\u00a0how and why pedagogy shapes the development of thought.\t\t\t\t<\/a>\n\t\t\t<\/h6>\n\t\t\t\t\t\t\t<p class=\"eltd-excerpt\">Simultaneous interpretation will be provided throughout the conference from English to French and from French to English Download the flyer...<\/p>\n\t\t\t\t\t<\/div>\n\t\t<div class=\"eltd-item-info-section\">\n\t\t\t<div class=\"eltd-post-info-date\">\n\t\t<span class=\"eltd-post-date-month\">\n\t\tNov\t<\/span>\n\t<span class=\"eltd-post-date-day-year\">\n\t\t<span class=\"eltd-post-date-day\">\n\t\t\t02\t\t<\/span>\n\t\t<span class=\"eltd-post-date-year\">\n\t\t\t2023\t\t<\/span>\n\t<\/span>\n\t<\/div><div class=\"eltd-post-info-author\"><a class=\"eltd-post-info-author-link\" href=\"https:\/\/ardem.ch\/fr\/author\/christian\/\">Christian Castricone<\/a><\/div>\n<div class=\"eltd-post-info-category\"><a href=\"https:\/\/ardem.ch\/fr\/en\/category\/non-classe-en\/\" rel=\"category tag\">Non class\u00e9<\/a><\/div>\t\t<\/div>\n\t<\/div>\t\n<\/li><li class=\"eltd-blog-list-item eltd-blog-list-masonry-item\">\n\t<div class=\"eltd-blog-list-item-inner\">\n\t\t<div class=\"eltd-item-image clearfix\">\n\t\t\t<a href=\"https:\/\/ardem.ch\/fr\/fr\/les-defis-pedagogiques-ce-que-dit-la-science-2\/\">\n\t\t\t\t<img loading=\"lazy\" decoding=\"async\" width=\"960\" height=\"1387\" src=\"https:\/\/ardem.ch\/wp-content\/uploads\/2023\/11\/FLYER-CONF-SITE-ARDEM-NEW-1-1-pdf.jpg\" class=\"attachment-full size-full wp-post-image\" alt=\"\" \/>\t\t\t\t\n\t\t\t<\/a>\n\t\t<\/div>\t\n\t\t<div class=\"eltd-item-text-holder\">\n\t\t\t<h6 class=\"eltd-item-title \">\n\t\t\t\t<a href=\"https:\/\/ardem.ch\/fr\/fr\/les-defis-pedagogiques-ce-que-dit-la-science-2\/\" >\n\t\t\t\t\tLES D\u00c9FIS P\u00c9DAGOGIQUES : CE QUE DIT LA SCIENCE\t\t\t\t<\/a>\n\t\t\t<\/h6>\n\t\t\t\t\t\t\t<p class=\"eltd-excerpt\">LES D\u00c9FIS P\u00c9DAGOGIQUES: CE QUE DIT LA SCIENCE &#8211; COMMENT ET POURQUOI LA P\u00c9DAGOGIE FA\u00c7ONNE LE D\u00c9VELOPPEMENT DE LA PENS\u00c9E. T\u00e9l\u00e9charger le flyer NEW : The french part of the conference is going to be translated in English &#8211; La partie ...<\/p>\n\t\t\t\t\t<\/div>\n\t\t<div class=\"eltd-item-info-section\">\n\t\t\t<div class=\"eltd-post-info-date\">\n\t\t<span class=\"eltd-post-date-month\">\n\t\tNov\t<\/span>\n\t<span class=\"eltd-post-date-day-year\">\n\t\t<span class=\"eltd-post-date-day\">\n\t\t\t02\t\t<\/span>\n\t\t<span class=\"eltd-post-date-year\">\n\t\t\t2023\t\t<\/span>\n\t<\/span>\n\t<\/div><div class=\"eltd-post-info-author\"><a class=\"eltd-post-info-author-link\" href=\"https:\/\/ardem.ch\/fr\/author\/christian\/\">Christian Castricone<\/a><\/div>\n<div class=\"eltd-post-info-category\"><a href=\"https:\/\/ardem.ch\/fr\/fr\/category\/actualite\/\" rel=\"category tag\">Actualit\u00e9s<\/a><\/div>\t\t<\/div>\n\t<\/div>\t\n<\/li><li class=\"eltd-blog-list-item eltd-blog-list-masonry-item\">\n\t<div class=\"eltd-blog-list-item-inner\">\n\t\t<div class=\"eltd-item-image clearfix\">\n\t\t\t<a href=\"https:\/\/ardem.ch\/fr\/en\/actualites-scientifiques\/\">\n\t\t\t\t<img loading=\"lazy\" decoding=\"async\" width=\"1183\" height=\"662\" src=\"https:\/\/ardem.ch\/wp-content\/uploads\/2019\/01\/Conf\u00e9rence-Solange-Denervaux.jpg\" class=\"attachment-full size-full wp-post-image\" alt=\"\" srcset=\"https:\/\/ardem.ch\/wp-content\/uploads\/2019\/01\/Conf\u00e9rence-Solange-Denervaux.jpg 1183w, https:\/\/ardem.ch\/wp-content\/uploads\/2019\/01\/Conf\u00e9rence-Solange-Denervaux-300x168.jpg 300w, https:\/\/ardem.ch\/wp-content\/uploads\/2019\/01\/Conf\u00e9rence-Solange-Denervaux-768x430.jpg 768w, https:\/\/ardem.ch\/wp-content\/uploads\/2019\/01\/Conf\u00e9rence-Solange-Denervaux-1024x573.jpg 1024w\" sizes=\"auto, (max-width: 1183px) 100vw, 1183px\" \/>\t\t\t\t\n\t\t\t<\/a>\n\t\t<\/div>\t\n\t\t<div class=\"eltd-item-text-holder\">\n\t\t\t<h6 class=\"eltd-item-title \">\n\t\t\t\t<a href=\"https:\/\/ardem.ch\/fr\/en\/actualites-scientifiques\/\" >\n\t\t\t\t\tActualit\u00e9s scientifiques\t\t\t\t<\/a>\n\t\t\t<\/h6>\n\t\t\t\t\t\t\t<p class=\"eltd-excerpt\">Video: Solange&nbsp;Denervaud, Montessori \u00e0 la lumi\u00e8re des d\u00e9couvertes scientifiques actuelles, Conf\u00e9rence donn\u00e9e \u00e0 La Sorbonne, Paris, 2018. VOIR LA VID\u00c9O...<\/p>\n\t\t\t\t\t<\/div>\n\t\t<div class=\"eltd-item-info-section\">\n\t\t\t<div class=\"eltd-post-info-date\">\n\t\t<span class=\"eltd-post-date-month\">\n\t\tMar\t<\/span>\n\t<span class=\"eltd-post-date-day-year\">\n\t\t<span class=\"eltd-post-date-day\">\n\t\t\t04\t\t<\/span>\n\t\t<span class=\"eltd-post-date-year\">\n\t\t\t2022\t\t<\/span>\n\t<\/span>\n\t<\/div><div class=\"eltd-post-info-author\"><a class=\"eltd-post-info-author-link\" href=\"https:\/\/ardem.ch\/fr\/author\/tresorier\/\">Patrick Mermoud<\/a><\/div>\n<div class=\"eltd-post-info-category\"><a href=\"https:\/\/ardem.ch\/fr\/en\/category\/non-classe-en\/\" rel=\"category tag\">Non class\u00e9<\/a><\/div>\t\t<\/div>\n\t<\/div>\t\n<\/li><li class=\"eltd-blog-list-item eltd-blog-list-masonry-item\">\n\t<div class=\"eltd-blog-list-item-inner\">\n\t\t<div class=\"eltd-item-image clearfix\">\n\t\t\t<a href=\"https:\/\/ardem.ch\/fr\/fr\/reportage-rts-1930-26-08-2021\/\">\n\t\t\t\t<img loading=\"lazy\" decoding=\"async\" width=\"1272\" height=\"714\" src=\"https:\/\/ardem.ch\/wp-content\/uploads\/2021\/11\/9C9CF25D-25D4-4A95-9F9C-7BDD6300DE19.jpeg\" class=\"attachment-full size-full wp-post-image\" alt=\"\" srcset=\"https:\/\/ardem.ch\/wp-content\/uploads\/2021\/11\/9C9CF25D-25D4-4A95-9F9C-7BDD6300DE19.jpeg 1272w, https:\/\/ardem.ch\/wp-content\/uploads\/2021\/11\/9C9CF25D-25D4-4A95-9F9C-7BDD6300DE19-300x168.jpeg 300w, https:\/\/ardem.ch\/wp-content\/uploads\/2021\/11\/9C9CF25D-25D4-4A95-9F9C-7BDD6300DE19-1024x575.jpeg 1024w, https:\/\/ardem.ch\/wp-content\/uploads\/2021\/11\/9C9CF25D-25D4-4A95-9F9C-7BDD6300DE19-768x431.jpeg 768w\" sizes=\"auto, (max-width: 1272px) 100vw, 1272px\" \/>\t\t\t\t\n\t\t\t<\/a>\n\t\t<\/div>\t\n\t\t<div class=\"eltd-item-text-holder\">\n\t\t\t<h6 class=\"eltd-item-title \">\n\t\t\t\t<a href=\"https:\/\/ardem.ch\/fr\/fr\/reportage-rts-1930-26-08-2021\/\" >\n\t\t\t\t\tReportage RTS 19:30 &#8211; 26.08.2021\t\t\t\t<\/a>\n\t\t\t<\/h6>\n\t\t\t\t\t\t\t<p class=\"eltd-excerpt\">&gt; VISIONER ICI...<\/p>\n\t\t\t\t\t<\/div>\n\t\t<div class=\"eltd-item-info-section\">\n\t\t\t<div class=\"eltd-post-info-date\">\n\t\t<span class=\"eltd-post-date-month\">\n\t\tNov\t<\/span>\n\t<span class=\"eltd-post-date-day-year\">\n\t\t<span class=\"eltd-post-date-day\">\n\t\t\t24\t\t<\/span>\n\t\t<span class=\"eltd-post-date-year\">\n\t\t\t2021\t\t<\/span>\n\t<\/span>\n\t<\/div><div class=\"eltd-post-info-author\"><a class=\"eltd-post-info-author-link\" href=\"https:\/\/ardem.ch\/fr\/author\/christian\/\">Christian Castricone<\/a><\/div>\n<div class=\"eltd-post-info-category\"><a href=\"https:\/\/ardem.ch\/fr\/fr\/category\/actualite\/\" rel=\"category tag\">Actualit\u00e9s<\/a><\/div>\t\t<\/div>\n\t<\/div>\t\n<\/li>\t<\/ul>\t\n<\/div>\n[\/vc_column][\/vc_row][vc_row row_type=\u00a0\u00bbrow\u00a0\u00bb content_width=\u00a0\u00bbgrid\u00a0\u00bb anchor=\u00a0\u00bb\u00a0\u00bb content_aligment=\u00a0\u00bbleft\u00a0\u00bb css_animation=\u00a0\u00bb\u00a0\u00bb][vc_column][\/vc_column][\/vc_row]<\/p>\n","protected":false},"excerpt":{"rendered":"<p>[vc_row row_type=\u00a0\u00bbrow\u00a0\u00bb content_width=\u00a0\u00bbfull-width\u00a0\u00bb anchor=\u00a0\u00bb\u00a0\u00bb content_aligment=\u00a0\u00bbleft\u00a0\u00bb css_animation=\u00a0\u00bb\u00a0\u00bb][vc_column][vc_empty_space][\/vc_column][\/vc_row][vc_row row_type=\u00a0\u00bbrow\u00a0\u00bb content_width=\u00a0\u00bbgrid\u00a0\u00bb anchor=\u00a0\u00bb\u00a0\u00bb content_aligment=\u00a0\u00bbcenter\u00a0\u00bb css_animation=\u00a0\u00bb\u00a0\u00bb][vc_column offset=\u00a0\u00bbvc_col-md-4&Prime;][vc_single_image image=\u00a0\u00bb30611&Prime; img_size=\u00a0\u00bblarge\u00a0\u00bb alignment=\u00a0\u00bbcenter\u00a0\u00bb onclick=\u00a0\u00bbcustom_link\u00a0\u00bb link=\u00a0\u00bbhttps:\/\/ardem.ch\/pedagogie-montessori\/\u00a0\u00bb][vc_column_text] P\u00c9DAGOGIE MONTESSORI [\/vc_column_text][vc_column_text] Une p\u00e9dagogie qui permet aux enfants de savoir faire face au monde encore inconnu de demain&#8230; [\/vc_column_text][vc_empty_space height=\u00a0\u00bb20px\u00a0\u00bb][vc_empty_space height=\u00a0\u00bb40px\u00a0\u00bb][\/vc_column][vc_column offset=\u00a0\u00bbvc_col-md-4&Prime;][vc_single_image image=\u00a0\u00bb30608&Prime; img_size=\u00a0\u00bblarge\u00a0\u00bb alignment=\u00a0\u00bbcenter\u00a0\u00bb onclick=\u00a0\u00bbcustom_link\u00a0\u00bb link=\u00a0\u00bbhttps:\/\/ardem.ch\/ecoles\/\u00a0\u00bb][vc_column_text]&#8230;<\/p>\n","protected":false},"author":1,"featured_media":0,"parent":0,"menu_order":0,"comment_status":"closed","ping_status":"closed","template":"full-width.php","meta":{"footnotes":""},"class_list":["post-195","page","type-page","status-publish","hentry"],"_links":{"self":[{"href":"https:\/\/ardem.ch\/fr\/wp-json\/wp\/v2\/pages\/195","targetHints":{"allow":["GET"]}}],"collection":[{"href":"https:\/\/ardem.ch\/fr\/wp-json\/wp\/v2\/pages"}],"about":[{"href":"https:\/\/ardem.ch\/fr\/wp-json\/wp\/v2\/types\/page"}],"author":[{"embeddable":true,"href":"https:\/\/ardem.ch\/fr\/wp-json\/wp\/v2\/users\/1"}],"replies":[{"embeddable":true,"href":"https:\/\/ardem.ch\/fr\/wp-json\/wp\/v2\/comments?post=195"}],"version-history":[{"count":214,"href":"https:\/\/ardem.ch\/fr\/wp-json\/wp\/v2\/pages\/195\/revisions"}],"predecessor-version":[{"id":31978,"href":"https:\/\/ardem.ch\/fr\/wp-json\/wp\/v2\/pages\/195\/revisions\/31978"}],"wp:attachment":[{"href":"https:\/\/ardem.ch\/fr\/wp-json\/wp\/v2\/media?parent=195"}],"curies":[{"name":"wp","href":"https:\/\/api.w.org\/{rel}","templated":true}]}}