{"id":29454,"date":"2019-08-22T13:56:49","date_gmt":"2019-08-22T11:56:49","guid":{"rendered":"https:\/\/ardem.ch\/?page_id=29454"},"modified":"2021-11-02T23:16:34","modified_gmt":"2021-11-02T22:16:34","slug":"pedagogie-montessori","status":"publish","type":"page","link":"https:\/\/ardem.ch\/fr\/fr\/pedagogie-montessori\/","title":{"rendered":"PEDAGOGIE MONTESSORI"},"content":{"rendered":"<p>[vc_row row_type=\u00a0\u00bbrow\u00a0\u00bb content_width=\u00a0\u00bbfull-width\u00a0\u00bb anchor=\u00a0\u00bb\u00a0\u00bb content_aligment=\u00a0\u00bbleft\u00a0\u00bb css_animation=\u00a0\u00bb\u00a0\u00bb][vc_column][vc_empty_space height=\u00a0\u00bb100&Prime;][\/vc_column][\/vc_row][vc_row row_type=\u00a0\u00bbrow\u00a0\u00bb content_width=\u00a0\u00bbgrid\u00a0\u00bb anchor=\u00a0\u00bb\u00a0\u00bb content_aligment=\u00a0\u00bbcenter\u00a0\u00bb css_animation=\u00a0\u00bb\u00a0\u00bb css=\u00a0\u00bb.vc_custom_1567110065552{background-color: #fccd4f !important;}\u00a0\u00bb][vc_column width=\u00a0\u00bb1\/6&Prime;][\/vc_column][vc_column width=\u00a0\u00bb2\/3&Prime;][vc_empty_space][vc_column_text]<span style=\"color: #002749;\">\u00ab\u00a0La v\u00e9ritable \u00e9ducation nouvelle consiste \u00e0 aller tout d&rsquo;abord \u00e0 la d\u00e9couverte de l&rsquo;enfant et \u00e0 r\u00e9aliser sa lib\u00e9ration [\u2026]\u00a0\u00bb<br \/>\n(M. Montessori, <em>L&rsquo;enfant,<\/em> p.93).<\/span>[\/vc_column_text][vc_empty_space height=\u00a0\u00bb64&Prime;][\/vc_column][vc_column width=\u00a0\u00bb1\/6&Prime;][\/vc_column][\/vc_row][vc_row row_type=\u00a0\u00bbparallax\u00a0\u00bb content_width=\u00a0\u00bbgrid\u00a0\u00bb anchor=\u00a0\u00bb\u00a0\u00bb bottom_triangle=\u00a0\u00bbno\u00a0\u00bb content_aligment=\u00a0\u00bbleft\u00a0\u00bb full_screen_section_height=\u00a0\u00bbno\u00a0\u00bb section_height=\u00a0\u00bb373&Prime; parallax_speed=\u00a0\u00bb0.8&Prime;][vc_column][vc_empty_space height=\u00a0\u00bb100&Prime;]<div class=\"eltd-elements-holder eltd-two-columns eltd-responsive-mode-768\" ><div class=\"eltd-elements-holder-item eltd-horizontal-alignment-right\" >\n\t<div class=\"eltd-elements-holder-item-inner\">\n\t\t<div class=\"eltd-elements-holder-item-content eltd-elements-holder-custom-776486\" style=\"padding: 0 70px 0 0\">\n\t\t\t\t\t\t<style type=\"text\/css\" data-type=\"eltd-elements-custom-padding\" scoped>\n\t\t\t\t\t\t\t\t\t@media only screen and (min-width: 1024px) and (max-width: 1280px) {\n\t\t\t\t\t\t.eltd-elements-holder .eltd-elements-holder-item-content.eltd-elements-holder-custom-776486 {\n\t\t\t\t\t\t\tpadding: 0 70px 0 0 !important;\n\t\t\t\t\t\t}\n\t\t\t\t\t}\n\t\t\t\t\t\t\t\t\t\t\t\t@media only screen and (min-width: 768px) and (max-width: 1024px) {\n\t\t\t\t\t.eltd-elements-holder .eltd-elements-holder-item-content.eltd-elements-holder-custom-776486 {\n\t\t\t\t\t\tpadding: 100px 8% 100px 0 !important;\n\t\t\t\t\t}\n\t\t\t\t}\n\t\t\t\t\t\t\t\t\t\t\t\t@media only screen and (min-width: 600px) and (max-width: 768px) {\n\t\t\t\t\t.eltd-elements-holder .eltd-elements-holder-item-content.eltd-elements-holder-custom-776486 {\n\t\t\t\t\t\tpadding: 100px 8% 100px 0 !important;\n\t\t\t\t\t}\n\t\t\t\t}\n\t\t\t\t\t\t\t\t\t\t\t\t@media only screen and (min-width: 480px) and (max-width: 600px) {\n\t\t\t\t\t.eltd-elements-holder .eltd-elements-holder-item-content.eltd-elements-holder-custom-776486 {\n\t\t\t\t\t\tpadding: 100px 0 0 0 !important;\n\t\t\t\t\t}\n\t\t\t\t}\n\t\t\t\t\t\t\t\t\t\t\t\t@media only screen and (max-width: 480px) {\n\t\t\t\t\t.eltd-elements-holder .eltd-elements-holder-item-content.eltd-elements-holder-custom-776486 {\n\t\t\t\t\t\tpadding: 100px 0 0 0 !important;\n\t\t\t\t\t}\n\t\t\t\t}\n\t\t\t\t\t\t\t\t<\/style>\n\t\t\t\t\t\t<div class=\"eltd-section-title-outer-holder animate\" style=\"text-align: right\">\n\t<div class=\"eltd-section-title-subtitle-holder\">\n\t\t<h3 class=\"eltd-section-subtitle\" style=\";\"><\/h3>\n\t<\/div>\n\t<div class=\"eltd-section-title-holder\">\n\t\t<h2 class=\"eltd-section-title\" style=\";\">La p\u00e9dagogie Montessori<\/h2>\n\t<\/div>\n<\/div>[vc_empty_space height=\u00a0\u00bb25px\u00a0\u00bb][vc_column_text]<\/p>\n<p style=\"text-align: right;\">Pour la Doctoresse Maria Montessori, l\u2019\u00e9ducation est une aide \u00e0 la vie. Durant 50 ans, guid\u00e9e par sa rigueur scientifique, son esprit visionnaire et profond\u00e9ment humain, Maria Montessori a observ\u00e9 les enfants. De ses observations et recherches, elle a d\u00e9velopp\u00e9 une v\u00e9ritable philosophie de l&rsquo;\u00e9ducation et en a d\u00e9duit les principes essentiels au d\u00e9veloppement optimal de l\u2019enfant. Aujourd\u2019hui, pr\u00e8s de 100 ans plus tard, la <em>recherche en neurosciences<\/em> \u00a0est en mesure de valider ses observations, dont la justesse, avec le recul, impressionne.<\/p>\n<p>[\/vc_column_text][vc_empty_space height=\u00a0\u00bb57px\u00a0\u00bb]\t\t<\/div>\n\t<\/div>\n<\/div><div class=\"eltd-elements-holder-item eltd-vertical-alignment-top\" >\n\t<div class=\"eltd-elements-holder-item-inner\">\n\t\t<div class=\"eltd-elements-holder-item-content eltd-elements-holder-custom-915542\" style=\"padding: 100px 0 100px 0\">\n\t\t\t\t\t\t<style type=\"text\/css\" data-type=\"eltd-elements-custom-padding\" scoped>\n\t\t\t\t\t\t\t\t\t@media only screen and (min-width: 1024px) and (max-width: 1280px) {\n\t\t\t\t\t\t.eltd-elements-holder .eltd-elements-holder-item-content.eltd-elements-holder-custom-915542 {\n\t\t\t\t\t\t\tpadding: 100px 0 100px 0 !important;\n\t\t\t\t\t\t}\n\t\t\t\t\t}\n\t\t\t\t\t\t\t\t\t\t\t\t@media only screen and (min-width: 768px) and (max-width: 1024px) {\n\t\t\t\t\t.eltd-elements-holder .eltd-elements-holder-item-content.eltd-elements-holder-custom-915542 {\n\t\t\t\t\t\tpadding: 100px 0 100px 0 !important;\n\t\t\t\t\t}\n\t\t\t\t}\n\t\t\t\t\t\t\t\t\t\t\t\t@media only screen and (min-width: 600px) and (max-width: 768px) {\n\t\t\t\t\t.eltd-elements-holder .eltd-elements-holder-item-content.eltd-elements-holder-custom-915542 {\n\t\t\t\t\t\tpadding: 100px 0 100px 0 !important;\n\t\t\t\t\t}\n\t\t\t\t}\n\t\t\t\t\t\t\t\t\t\t\t\t@media only screen and (min-width: 480px) and (max-width: 600px) {\n\t\t\t\t\t.eltd-elements-holder .eltd-elements-holder-item-content.eltd-elements-holder-custom-915542 {\n\t\t\t\t\t\tpadding: 100px 0 100px 0 !important;\n\t\t\t\t\t}\n\t\t\t\t}\n\t\t\t\t\t\t\t\t\t\t\t\t@media only screen and (max-width: 480px) {\n\t\t\t\t\t.eltd-elements-holder .eltd-elements-holder-item-content.eltd-elements-holder-custom-915542 {\n\t\t\t\t\t\tpadding: 100px 0 100px 0 !important;\n\t\t\t\t\t}\n\t\t\t\t}\n\t\t\t\t\t\t\t\t<\/style>\n\t\t\t\t\t\t[vc_single_image image=\u00a0\u00bb29450&Prime; img_size=\u00a0\u00bbfull\u00a0\u00bb alignment=\u00a0\u00bbcenter\u00a0\u00bb css_animation=\u00a0\u00bbright-to-left\u00a0\u00bb]\t\t<\/div>\n\t<\/div>\n<\/div><\/div>[vc_empty_space height=\u00a0\u00bb100&Prime;][\/vc_column][\/vc_row][vc_row row_type=\u00a0\u00bbrow\u00a0\u00bb content_width=\u00a0\u00bbgrid\u00a0\u00bb anchor=\u00a0\u00bb\u00a0\u00bb content_aligment=\u00a0\u00bbleft\u00a0\u00bb css_animation=\u00a0\u00bb\u00a0\u00bb][vc_column][\/vc_column][\/vc_row][vc_row row_type=\u00a0\u00bbrow\u00a0\u00bb content_width=\u00a0\u00bbgrid\u00a0\u00bb anchor=\u00a0\u00bb\u00a0\u00bb content_aligment=\u00a0\u00bbcenter\u00a0\u00bb css_animation=\u00a0\u00bb\u00a0\u00bb css=\u00a0\u00bb.vc_custom_1567110035106{background-color: #fccd4f !important;}\u00a0\u00bb][vc_column width=\u00a0\u00bb1\/6&Prime;][\/vc_column][vc_column width=\u00a0\u00bb2\/3&Prime;][vc_empty_space height=\u00a0\u00bb64&Prime;][vc_column_text]<span style=\"color: #002749;\">\u00ab L&rsquo;enfant n&rsquo;est pas un adulte en miniature. Il est, d&rsquo;abord et avant tout, le d\u00e9tenteur d&rsquo;une vie personnelle qui a des caract\u00e9ristiques et un but sp\u00e9cifiques \u00bb<br \/>\n(M. Montessori, <em>L&rsquo;\u00e9ducation et la paix<\/em>. p. 37).<\/span>[\/vc_column_text][vc_empty_space height=\u00a0\u00bb64&Prime;][\/vc_column][vc_column width=\u00a0\u00bb1\/6&Prime;][\/vc_column][\/vc_row][vc_row row_type=\u00a0\u00bbrow\u00a0\u00bb content_width=\u00a0\u00bbfull-width\u00a0\u00bb anchor=\u00a0\u00bb\u00a0\u00bb content_aligment=\u00a0\u00bbleft\u00a0\u00bb css_animation=\u00a0\u00bb\u00a0\u00bb][vc_column][vc_empty_space height=\u00a0\u00bb100&Prime;][\/vc_column][\/vc_row][vc_row row_type=\u00a0\u00bbrow\u00a0\u00bb content_width=\u00a0\u00bbgrid\u00a0\u00bb anchor=\u00a0\u00bb\u00a0\u00bb content_aligment=\u00a0\u00bbleft\u00a0\u00bb css_animation=\u00a0\u00bb\u00a0\u00bb][vc_column offset=\u00a0\u00bbvc_col-lg-offset-0 vc_col-lg-6 vc_col-md-offset-0 vc_col-sm-offset-0&Prime;][vc_column_text]Pour Maria Montessori, l\u2019enfant construit l\u2019adulte qu\u2019il va devenir et est une personne \u00e0 part enti\u00e8re. Les principes de sa p\u00e9dagogie partent de cette observation r\u00e9volutionnaire. En voici les fondamentaux\u00a0:<\/p>\n<ul>\n<li>L\u2019autonomie de l\u2019enfant<\/li>\n<li>Le libre choix<\/li>\n<li>Le respect du rythme de l\u2019enfant<\/li>\n<li>Le respect de la personnalit\u00e9, des capacit\u00e9s et du potentiel de chaque enfant<\/li>\n<li>L\u2019absence de comp\u00e9tition et de comparaison<\/li>\n<li>La non-stigmatisation de l\u2019erreur<\/li>\n<li>Un accompagnement sans punition ni r\u00e9compense<\/li>\n<li>La libert\u00e9 de mouvement<\/li>\n<li>Un temps d\u2019\u00e9tude suffisamment long pour permettre \u00e0 l\u2019enfant de d\u00e9velopper son cycle de concentration sans \u00eatre coup\u00e9<\/li>\n<li>Le multi-\u00e2ge qui permet le d\u00e9veloppement du sens social<\/li>\n<li>Un mat\u00e9riel p\u00e9dagogique sp\u00e9cifique<\/li>\n<li>Un environnement adapt\u00e9 et respectueux du d\u00e9veloppement physique et psychologique de l\u2019enfant<\/li>\n<li>Le r\u00f4le particulier de l\u2019enseignant Montessori.<\/li>\n<\/ul>\n<p>L\u2019application de ces principes dans une classe repose sur l\u2019enseignant et repr\u00e9sente un engagement constant. Cet adulte n&rsquo;est pas seulement transmetteur de savoir, mais il prend soin de d\u00e9velopper la personnalit\u00e9 de l&rsquo;enfant dans sa globalit\u00e9, sur les plans physique, social et spirituel. Il vise \u00e0 ne pas entraver le d\u00e9veloppement naturel de l&rsquo;enfant et, de ce fait, doit savoir s&rsquo;observer et se remettre en question.[\/vc_column_text][vc_empty_space height=\u00a0\u00bb130px\u00a0\u00bb][\/vc_column][vc_column offset=\u00a0\u00bbvc_col-lg-offset-0 vc_col-lg-6 vc_col-md-offset-0 vc_col-sm-offset-0&Prime;][vc_single_image image=\u00a0\u00bb29511&Prime; img_size=\u00a0\u00bbfull\u00a0\u00bb alignment=\u00a0\u00bbcenter\u00a0\u00bb css_animation=\u00a0\u00bbright-to-left\u00a0\u00bb][vc_empty_space height=\u00a0\u00bb100&Prime;][\/vc_column][\/vc_row][vc_row row_type=\u00a0\u00bbrow\u00a0\u00bb content_width=\u00a0\u00bbgrid\u00a0\u00bb anchor=\u00a0\u00bb\u00a0\u00bb content_aligment=\u00a0\u00bbcenter\u00a0\u00bb css_animation=\u00a0\u00bb\u00a0\u00bb css=\u00a0\u00bb.vc_custom_1567110088406{background-color: #fccd4f !important;}\u00a0\u00bb][vc_column width=\u00a0\u00bb1\/6&Prime;][\/vc_column][vc_column width=\u00a0\u00bb2\/3&Prime;][vc_empty_space][vc_column_text]<span style=\"color: #002749;\">\u00ab Il nous faut nous \u00e9duquer, si nous voulons \u00e9duquer \u00bb<br \/>\n(M. Montessori, <em>L&rsquo;enfant<\/em>, p. 98).<\/span>[\/vc_column_text][vc_empty_space height=\u00a0\u00bb64&Prime;][\/vc_column][vc_column width=\u00a0\u00bb1\/6&Prime;][\/vc_column][\/vc_row][vc_row row_type=\u00a0\u00bbrow\u00a0\u00bb content_width=\u00a0\u00bbgrid\u00a0\u00bb anchor=\u00a0\u00bb\u00a0\u00bb content_aligment=\u00a0\u00bbcenter\u00a0\u00bb css_animation=\u00a0\u00bb\u00a0\u00bb][vc_column offset=\u00a0\u00bbvc_col-lg-offset-0 vc_col-lg-6 vc_col-md-offset-0 vc_col-sm-offset-0&Prime;][vc_empty_space height=\u00a0\u00bb43&Prime;][vc_single_image image=\u00a0\u00bb30852&Prime; img_size=\u00a0\u00bbfull\u00a0\u00bb alignment=\u00a0\u00bbcenter\u00a0\u00bb css_animation=\u00a0\u00bbleft-to-right\u00a0\u00bb][vc_empty_space height=\u00a0\u00bb30px\u00a0\u00bb][\/vc_column][vc_column offset=\u00a0\u00bbvc_col-lg-offset-0 vc_col-lg-6 vc_col-md-offset-0 vc_col-sm-offset-0&Prime;][vc_empty_space height=\u00a0\u00bb40&Prime;]<div class=\"eltd-section-title-outer-holder animate\" style=\"text-align: left\">\n\t<div class=\"eltd-section-title-subtitle-holder\">\n\t\t<h3 class=\"eltd-section-subtitle\" style=\";\"><\/h3>\n\t<\/div>\n\t<div class=\"eltd-section-title-holder\">\n\t\t<h2 class=\"eltd-section-title\" style=\";\">De l\u2019enfant \u00e0 l\u2019adolescent<\/h2>\n\t<\/div>\n<\/div>[vc_empty_space height=\u00a0\u00bb8&Prime;][vc_column_text]<\/p>\n<p style=\"text-align: left;\">L&rsquo;enseignant accompagne l&rsquo;enfant \u00e0 devenir un adulte responsable, travaillant par lui-m\u00eame sans entrer en comp\u00e9tition. Cette p\u00e9dagogie am\u00e8ne l&rsquo;enfant et l&rsquo;adolescent \u00e0 forger sa libert\u00e9 pour qu&rsquo;il sache s&rsquo;orienter dans la soci\u00e9t\u00e9.<\/p>\n<p style=\"text-align: left;\">L\u2019adolescent devient capable d&rsquo;avoir une connaissance du monde et de la vie dans toute sa complexit\u00e9. Il sait identifier les composants significatifs d&rsquo;un probl\u00e8me, poss\u00e8de une grande qualit\u00e9 de concentration, une capacit\u00e9 \u00e0 se poser des questions essentielles sur un probl\u00e8me et \u00e0 les r\u00e9soudre dans un dialogue propice \u00e0 la confiance et \u00e0 l&rsquo;innovation. Il d\u00e9veloppe une comp\u00e9tence \u00e0 construire des ponts dans une relation \u00e9troite avec chaque \u00eatre humain.<\/p>\n<p style=\"text-align: left;\">Ces jeunes r\u00e9ussissent le plus souvent ce qu&rsquo;ils entreprennent car ils savent ce qu&rsquo;ils veulent et savent travailler.<\/p>\n<p>[\/vc_column_text][vc_empty_space height=\u00a0\u00bb48&Prime;][vc_empty_space height=\u00a0\u00bb130px\u00a0\u00bb][\/vc_column][\/vc_row][vc_row row_type=\u00a0\u00bbrow\u00a0\u00bb content_width=\u00a0\u00bbgrid\u00a0\u00bb anchor=\u00a0\u00bb\u00a0\u00bb content_aligment=\u00a0\u00bbcenter\u00a0\u00bb css_animation=\u00a0\u00bb\u00a0\u00bb css=\u00a0\u00bb.vc_custom_1567110105987{background-color: #fccd4f !important;}\u00a0\u00bb][vc_column width=\u00a0\u00bb1\/6&Prime;][\/vc_column][vc_column width=\u00a0\u00bb2\/3&Prime;][vc_empty_space][vc_column_text]<span style=\"color: #002749;\">\u00ab Ce d\u00e9veloppement se produit parce que l&rsquo;enfant a eu la possibilit\u00e9 de travailler et d&rsquo;\u00eatre en contact direct avec la r\u00e9alit\u00e9 \u00bb<br \/>\n(M. Montessori, <em>L&rsquo;\u00e9ducation et la paix<\/em>, p. 109).<\/span>[\/vc_column_text][vc_empty_space height=\u00a0\u00bb64&Prime;][\/vc_column][vc_column width=\u00a0\u00bb1\/6&Prime;][\/vc_column][\/vc_row][vc_row row_type=\u00a0\u00bbrow\u00a0\u00bb content_width=\u00a0\u00bbfull-width\u00a0\u00bb anchor=\u00a0\u00bb\u00a0\u00bb content_aligment=\u00a0\u00bbleft\u00a0\u00bb css_animation=\u00a0\u00bb\u00a0\u00bb][vc_column][vc_empty_space height=\u00a0\u00bb100&Prime;][\/vc_column][\/vc_row][vc_row row_type=\u00a0\u00bbrow\u00a0\u00bb content_width=\u00a0\u00bbgrid\u00a0\u00bb anchor=\u00a0\u00bb\u00a0\u00bb content_aligment=\u00a0\u00bbcenter\u00a0\u00bb css_animation=\u00a0\u00bb\u00a0\u00bb][vc_column offset=\u00a0\u00bbvc_col-lg-offset-0 vc_col-lg-6 vc_col-md-offset-0 vc_col-sm-offset-0&Prime;][vc_empty_space height=\u00a0\u00bb43&Prime;][vc_single_image image=\u00a0\u00bb29512&Prime; img_size=\u00a0\u00bbfull\u00a0\u00bb alignment=\u00a0\u00bbcenter\u00a0\u00bb css_animation=\u00a0\u00bbleft-to-right\u00a0\u00bb][vc_empty_space height=\u00a0\u00bb30px\u00a0\u00bb][\/vc_column][vc_column offset=\u00a0\u00bbvc_col-lg-offset-0 vc_col-lg-6 vc_col-md-offset-0 vc_col-sm-offset-0&Prime;][vc_empty_space height=\u00a0\u00bb40&Prime;][vc_column_text]<\/p>\n<p style=\"text-align: left;\">Ces observations relat\u00e9es par Maria Montessori lors d&rsquo;une s\u00e9rie de conf\u00e9rences donn\u00e9es entre 1936 et 1939 sont toujours d&rsquo;actualit\u00e9. C&rsquo;est ce qu\u2019observe chaque ann\u00e9e l\u2019<a href=\"http:\/\/constructingpeace.org\/?page_id=131\"><em>International Montessori Adolescent Summit<\/em><\/a> (\u00ab\u00a0Sommet international Montessori des adolescents\u00a0\u00bb), qui constate que les adolescents appliquent les comp\u00e9tences acquises au cours de leur exp\u00e9rience Montessori aux r\u00e9alit\u00e9s de leur environnement social, notamment :<\/p>\n<p style=\"text-align: left;\">\u00ab\u00a0\u00a0 &#8211; une compr\u00e9hension de la complexit\u00e9 appliqu\u00e9e \u00e0 une question particuli\u00e8re<\/p>\n<p style=\"text-align: left;\">&#8211; une aptitude \u00e0 identifier les composantes importantes d&rsquo;une situation<\/p>\n<p style=\"text-align: left;\">&#8211; une capacit\u00e9 \u00e0 se focaliser et \u00e0 se concentrer sur un probl\u00e8me<\/p>\n<p style=\"text-align: left;\">&#8211; une capacit\u00e9 \u00e0 poser des questions essentielles concernant une probl\u00e9matique<\/p>\n<p style=\"text-align: left;\">&#8211; une habitude \u00e0 \u00e9changer avec l\u2019intention de r\u00e9soudre des difficult\u00e9s<\/p>\n<p style=\"text-align: left;\">&#8211; un d\u00e9sir de s&rsquo;engager dans un dialogue qui renforce la confiance et l&rsquo;innovation, et<\/p>\n<p style=\"text-align: left;\">&#8211; un espoir de construire des ponts entre les secteurs locaux, nationaux et internationaux\u00a0\u00bb.<\/p>\n<p style=\"text-align: right;\"><em>(<a href=\"http:\/\/constructingpeace.org\/?page_id=131\" target=\"_blank\" rel=\"noopener noreferrer\">Adolescent Summit<\/a>)<\/em><\/p>\n<p>[\/vc_column_text][vc_empty_space height=\u00a0\u00bb30&Prime;][vc_column_text]<\/p>\n<p style=\"text-align: left;\">Ces constats sont aussi ceux que nous faisons dans nos \u00e9coles, aupr\u00e8s des \u00e9l\u00e8ves qui ont suivi un cursus Montessori. Avec les ann\u00e9es, nous avons \u00e9galement observ\u00e9 chez ces adolescents\u00a0:<\/p>\n<p style=\"text-align: left;\">&#8211; une capacit\u00e9 \u00e9tonnante \u00e0 se situer correctement lors de tests, qu\u2019ils soient internes \u00e0 l\u2019\u00e9cole ou externes (examens de baccaular\u00e9at ou de maturit\u00e9, d\u2019apprentissage, d\u2019universit\u00e9,\u2026). Les adolescents Montessori ne se sous-\u00e9valuent pas ni ne se sur\u00e9valuent, et sont capables d\u2019\u00e9valuer par eux-m\u00eames leur niveau, et leurs r\u00e9sultats, de mani\u00e8re g\u00e9n\u00e9ralement tr\u00e8s fiable<\/p>\n<p style=\"text-align: left;\">&#8211; une comp\u00e9tence \u00e0 faire face avec assurance \u00e0 des situations stressantes, comme des examens ou des pr\u00e9sentations devant un public. A notre sens, c\u2019est l\u00e0 une cons\u00e9quence de l\u2019exp\u00e9rience, durant l\u2019enfance et l\u2019adolescence, d\u2019un syst\u00e8me qui ne stigmatise pas l\u2019erreur, ne juge pas celui qui fait une erreur mais l\u2019encourage \u00e0 la comprendre et \u00e0 la r\u00e9soudre par lui-m\u00eame<\/p>\n<p>[\/vc_column_text][vc_empty_space height=\u00a0\u00bb130px\u00a0\u00bb][\/vc_column][\/vc_row][vc_row row_type=\u00a0\u00bbrow\u00a0\u00bb content_width=\u00a0\u00bbfull-width\u00a0\u00bb anchor=\u00a0\u00bb\u00a0\u00bb content_aligment=\u00a0\u00bbleft\u00a0\u00bb css_animation=\u00a0\u00bb\u00a0\u00bb][vc_column][vc_empty_space height=\u00a0\u00bb70&Prime;][\/vc_column][\/vc_row][vc_row row_type=\u00a0\u00bbrow\u00a0\u00bb content_width=\u00a0\u00bbfull-width\u00a0\u00bb anchor=\u00a0\u00bb\u00a0\u00bb content_aligment=\u00a0\u00bbleft\u00a0\u00bb css_animation=\u00a0\u00bb\u00a0\u00bb][vc_column]<div class=\"eltd-elements-holder eltd-two-columns eltd-responsive-mode-768\" ><div class=\"eltd-elements-holder-item eltd-fade-in-down\" style=\"background-color: #002749;transition-delay:200ms;-webkit-transition-delay:200ms\">\n\t<div class=\"eltd-elements-holder-item-inner\">\n\t\t<div class=\"eltd-elements-holder-item-content eltd-elements-holder-custom-820821\" style=\"padding: 10% 25% 10% 30%\">\n\t\t\t\t\t\t<style type=\"text\/css\" data-type=\"eltd-elements-custom-padding\" scoped>\n\t\t\t\t\t\t\t\t\t@media only screen and (min-width: 1024px) and (max-width: 1280px) {\n\t\t\t\t\t\t.eltd-elements-holder .eltd-elements-holder-item-content.eltd-elements-holder-custom-820821 {\n\t\t\t\t\t\t\tpadding: 10% 15% 10% 20% !important;\n\t\t\t\t\t\t}\n\t\t\t\t\t}\n\t\t\t\t\t\t\t\t\t\t\t\t@media only screen and (min-width: 768px) and (max-width: 1024px) {\n\t\t\t\t\t.eltd-elements-holder .eltd-elements-holder-item-content.eltd-elements-holder-custom-820821 {\n\t\t\t\t\t\tpadding: 50px 50px 50px 50px !important;\n\t\t\t\t\t}\n\t\t\t\t}\n\t\t\t\t\t\t\t\t\t\t\t\t@media only screen and (min-width: 600px) and (max-width: 768px) {\n\t\t\t\t\t.eltd-elements-holder .eltd-elements-holder-item-content.eltd-elements-holder-custom-820821 {\n\t\t\t\t\t\tpadding: 50px 50px 50px 50px !important;\n\t\t\t\t\t}\n\t\t\t\t}\n\t\t\t\t\t\t\t\t\t\t\t\t@media only screen and (min-width: 480px) and (max-width: 600px) {\n\t\t\t\t\t.eltd-elements-holder .eltd-elements-holder-item-content.eltd-elements-holder-custom-820821 {\n\t\t\t\t\t\tpadding: 50px 50px 50px 50px !important;\n\t\t\t\t\t}\n\t\t\t\t}\n\t\t\t\t\t\t\t\t\t\t\t\t@media only screen and (max-width: 480px) {\n\t\t\t\t\t.eltd-elements-holder .eltd-elements-holder-item-content.eltd-elements-holder-custom-820821 {\n\t\t\t\t\t\tpadding: 25px 50px 25px 50px !important;\n\t\t\t\t\t}\n\t\t\t\t}\n\t\t\t\t\t\t\t\t<\/style>\n\t\t\t\t\t\t[vc_empty_space height=\u00a0\u00bb6&Prime;][vc_column_text]<\/p>\n<p style=\"text-align: left;\"><span style=\"color: #ffffff;\">Dans un film pr\u00e9sent\u00e9 en 2017 \u00e0 Prague lors d\u2019un Congr\u00e8s mondial Montessori, Andr\u00e9 Roberfroid, pr\u00e9sident d\u2019honneur de l\u2019AMI, soulignait combien nous ne savons pas de quoi sera fait le monde de demain ni quels seront les d\u00e9fis auxquels les enfants d\u2019aujourd\u2019hui devront faire face dans leur vie future. Il pr\u00e9cisait que le r\u00f4le de l\u2019\u00e9ducation n\u2019est pas tant de transmettre aux enfants ce que nous savons d\u00e9j\u00e0, mais de leur permettre de se construire \u00e0 la fois un bagage et une comp\u00e9tence personnelle afin d\u2019\u00eatre aptes \u00e0 trouver leur route dans le monde qui les attend, et \u00e0 y avoir un impact constructif. Il concluait en disant que c\u2019est cela que fait la p\u00e9dagogie Montessori, plus d\u2019un si\u00e8cle apr\u00e8s sa fondation, et qu\u2019elle se r\u00e9v\u00e8le aujourd\u2019hui tout autant d\u2019actualit\u00e9, si ce n\u2019est encore plus.<\/span><\/p>\n<p>[\/vc_column_text][vc_empty_space height=\u00a0\u00bb44&Prime;]\t\t<\/div>\n\t<\/div>\n<\/div><div class=\"eltd-elements-holder-item eltd-horizontal-alignment-center\" style=\"background-image: url(https:\/\/ardem.ch\/wp-content\/uploads\/2019\/09\/1_uCEDyg.jpeg)\">\n\t<div class=\"eltd-elements-holder-item-inner\">\n\t\t<div class=\"eltd-elements-holder-item-content eltd-elements-holder-custom-529711\" style=\"padding: 0 0 0 0\">\n\t\t\t\t\t\t<style type=\"text\/css\" data-type=\"eltd-elements-custom-padding\" scoped>\n\t\t\t\t\t\t\t\t\t@media only screen and (min-width: 1024px) and (max-width: 1280px) {\n\t\t\t\t\t\t.eltd-elements-holder .eltd-elements-holder-item-content.eltd-elements-holder-custom-529711 {\n\t\t\t\t\t\t\tpadding:  !important;\n\t\t\t\t\t\t}\n\t\t\t\t\t}\n\t\t\t\t\t\t\t\t\t\t\t\t@media only screen and (min-width: 768px) and (max-width: 1024px) {\n\t\t\t\t\t.eltd-elements-holder .eltd-elements-holder-item-content.eltd-elements-holder-custom-529711 {\n\t\t\t\t\t\tpadding: 50px 50px 50px 50px !important;\n\t\t\t\t\t}\n\t\t\t\t}\n\t\t\t\t\t\t\t\t\t\t\t\t@media only screen and (min-width: 600px) and (max-width: 768px) {\n\t\t\t\t\t.eltd-elements-holder .eltd-elements-holder-item-content.eltd-elements-holder-custom-529711 {\n\t\t\t\t\t\tpadding:  !important;\n\t\t\t\t\t}\n\t\t\t\t}\n\t\t\t\t\t\t\t\t\t\t\t\t@media only screen and (min-width: 480px) and (max-width: 600px) {\n\t\t\t\t\t.eltd-elements-holder .eltd-elements-holder-item-content.eltd-elements-holder-custom-529711 {\n\t\t\t\t\t\tpadding:  !important;\n\t\t\t\t\t}\n\t\t\t\t}\n\t\t\t\t\t\t\t\t\t\t\t\t@media only screen and (max-width: 480px) {\n\t\t\t\t\t.eltd-elements-holder .eltd-elements-holder-item-content.eltd-elements-holder-custom-529711 {\n\t\t\t\t\t\tpadding:  !important;\n\t\t\t\t\t}\n\t\t\t\t}\n\t\t\t\t\t\t\t\t<\/style>\n\t\t\t\t\t\t[vc_empty_space height=\u00a0\u00bb200&Prime;]\t\t<\/div>\n\t<\/div>\n<\/div><\/div>[\/vc_column][\/vc_row][vc_row row_type=\u00a0\u00bbrow\u00a0\u00bb content_width=\u00a0\u00bbgrid\u00a0\u00bb header_style=\u00a0\u00bbeltd-light-header\u00a0\u00bb anchor=\u00a0\u00bb\u00a0\u00bb content_aligment=\u00a0\u00bbright\u00a0\u00bb css_animation=\u00a0\u00bb\u00a0\u00bb][vc_column][vc_empty_space]<a href=\"https:\/\/ardem.ch\/\" target=\"_self\"  class=\"eltd-btn eltd-btn-small eltd-btn-outline\"  >\n    <span class=\"eltd-btn-text\">retour \u00e0 la page d&#039;accueil<\/span>\n    <\/a>[vc_empty_space][\/vc_column][\/vc_row]<\/p>\n","protected":false},"excerpt":{"rendered":"<p>[vc_row row_type=\u00a0\u00bbrow\u00a0\u00bb content_width=\u00a0\u00bbfull-width\u00a0\u00bb anchor=\u00a0\u00bb\u00a0\u00bb content_aligment=\u00a0\u00bbleft\u00a0\u00bb css_animation=\u00a0\u00bb\u00a0\u00bb][vc_column][vc_empty_space height=\u00a0\u00bb100&Prime;][\/vc_column][\/vc_row][vc_row row_type=\u00a0\u00bbrow\u00a0\u00bb content_width=\u00a0\u00bbgrid\u00a0\u00bb anchor=\u00a0\u00bb\u00a0\u00bb content_aligment=\u00a0\u00bbcenter\u00a0\u00bb css_animation=\u00a0\u00bb\u00a0\u00bb css=\u00a0\u00bb.vc_custom_1567110065552{background-color: #fccd4f !important;}\u00a0\u00bb][vc_column width=\u00a0\u00bb1\/6&Prime;][\/vc_column][vc_column width=\u00a0\u00bb2\/3&Prime;][vc_empty_space][vc_column_text]\u00ab\u00a0La v\u00e9ritable \u00e9ducation nouvelle consiste \u00e0 aller tout d&rsquo;abord \u00e0 la d\u00e9couverte de l&rsquo;enfant et \u00e0 r\u00e9aliser sa lib\u00e9ration [\u2026]\u00a0\u00bb (M. Montessori, L&rsquo;enfant, p.93).[\/vc_column_text][vc_empty_space height=\u00a0\u00bb64&Prime;][\/vc_column][vc_column width=\u00a0\u00bb1\/6&Prime;][\/vc_column][\/vc_row][vc_row row_type=\u00a0\u00bbparallax\u00a0\u00bb content_width=\u00a0\u00bbgrid\u00a0\u00bb anchor=\u00a0\u00bb\u00a0\u00bb&#8230;<\/p>\n","protected":false},"author":1,"featured_media":0,"parent":0,"menu_order":1,"comment_status":"closed","ping_status":"closed","template":"full-width.php","meta":{"footnotes":""},"class_list":["post-29454","page","type-page","status-publish","hentry"],"_links":{"self":[{"href":"https:\/\/ardem.ch\/fr\/wp-json\/wp\/v2\/pages\/29454","targetHints":{"allow":["GET"]}}],"collection":[{"href":"https:\/\/ardem.ch\/fr\/wp-json\/wp\/v2\/pages"}],"about":[{"href":"https:\/\/ardem.ch\/fr\/wp-json\/wp\/v2\/types\/page"}],"author":[{"embeddable":true,"href":"https:\/\/ardem.ch\/fr\/wp-json\/wp\/v2\/users\/1"}],"replies":[{"embeddable":true,"href":"https:\/\/ardem.ch\/fr\/wp-json\/wp\/v2\/comments?post=29454"}],"version-history":[{"count":101,"href":"https:\/\/ardem.ch\/fr\/wp-json\/wp\/v2\/pages\/29454\/revisions"}],"predecessor-version":[{"id":31717,"href":"https:\/\/ardem.ch\/fr\/wp-json\/wp\/v2\/pages\/29454\/revisions\/31717"}],"wp:attachment":[{"href":"https:\/\/ardem.ch\/fr\/wp-json\/wp\/v2\/media?parent=29454"}],"curies":[{"name":"wp","href":"https:\/\/api.w.org\/{rel}","templated":true}]}}