{"id":29922,"date":"2019-08-24T11:01:08","date_gmt":"2019-08-24T09:01:08","guid":{"rendered":"https:\/\/ardem.ch\/?page_id=29922"},"modified":"2021-11-02T23:09:14","modified_gmt":"2021-11-02T22:09:14","slug":"formation-continue","status":"publish","type":"page","link":"https:\/\/ardem.ch\/fr\/fr\/formation-continue\/","title":{"rendered":"FORMATION CONTINUE"},"content":{"rendered":"<p>[vc_row row_type=\u00a0\u00bbrow\u00a0\u00bb content_width=\u00a0\u00bbfull-width\u00a0\u00bb anchor=\u00a0\u00bb\u00a0\u00bb content_aligment=\u00a0\u00bbleft\u00a0\u00bb css_animation=\u00a0\u00bb\u00a0\u00bb][vc_column][vc_empty_space height=\u00a0\u00bb30&Prime;][\/vc_column][\/vc_row][vc_row row_type=\u00a0\u00bbrow\u00a0\u00bb content_width=\u00a0\u00bbgrid\u00a0\u00bb anchor=\u00a0\u00bb\u00a0\u00bb content_aligment=\u00a0\u00bbcenter\u00a0\u00bb css_animation=\u00a0\u00bb\u00a0\u00bb][vc_column width=\u00a0\u00bb1\/6&Prime;][\/vc_column][vc_column width=\u00a0\u00bb2\/3&Prime;][vc_empty_space height=\u00a0\u00bb20px\u00a0\u00bb][vc_column_text]<\/p>\n<h4>Formation continue des professionnels<\/h4>\n<p>[\/vc_column_text][\/vc_column][vc_column width=\u00a0\u00bb1\/6&Prime;][\/vc_column][\/vc_row][vc_row row_type=\u00a0\u00bbrow\u00a0\u00bb content_width=\u00a0\u00bbgrid\u00a0\u00bb anchor=\u00a0\u00bb\u00a0\u00bb content_aligment=\u00a0\u00bbleft\u00a0\u00bb css_animation=\u00a0\u00bb\u00a0\u00bb][vc_column width=\u00a0\u00bb1\/6&Prime;][\/vc_column][vc_column width=\u00a0\u00bb2\/3&Prime;][vc_empty_space height=\u00a0\u00bb50&Prime;][vc_column_text]<\/p>\n<h3 style=\"text-align: center;\">Proposition actuelle<\/h3>\n<h4 style=\"text-align: center;\"><a href=\"https:\/\/ardem.ch\/29715-2\/\" target=\"_blank\" rel=\"noopener noreferrer\">26-27 Septembre 2020:<\/a><\/h4>\n<h4 style=\"text-align: center;\"><a href=\"https:\/\/ardem.ch\/29715-2\/\" target=\"_blank\" rel=\"noopener noreferrer\">Montessori, neurosciences et apprentissages<\/a><\/h4>\n<p>[\/vc_column_text][vc_empty_space height=\u00a0\u00bb32&Prime;][vc_column_text]La formation continue contribue de fa\u00e7on certaine \u00e0 la qualit\u00e9 des prestations offertes par les \u00e9coles, structures d\u2019accueil et institutions.<\/p>\n<p>Si une formation reconnue constitue une base solide, elle n\u2019est pas une fin en soi, mais bien le d\u00e9but d\u2019un processus. L\u2019application des principes de la p\u00e9dagogie Montessori est exigeante et n\u00e9cessite une constante remise en question. Une fois form\u00e9, c\u2019est un nouveau chemin qui s\u2019ouvre pour le professionnel dans son quotidien.<\/p>\n<ul>\n<li>Pour l\u2019enseignant, il s\u2019agit\u00a0de devenir\u00a0pleinement\u00a0un enseignant Montessori qui a int\u00e9gr\u00e9 cette p\u00e9dagogie et qui puisse en transmettre l\u2019essence dans sa pratique avec les enfants.<\/li>\n<li>Pour\u00a0l\u2019\u00e9ducateur\u00a0travaillant en structure d\u2019accueil ou en institution,\u00a0il convient de d\u00e9velopper des aptitudes sp\u00e9cifiques pour offrir un accompagnement s\u2019inspirant des principes p\u00e9dagogiques fix\u00e9s par Maria Montessori.<\/li>\n<\/ul>\n<p>Dans ce processus, un soutien ext\u00e9rieur favorise le d\u00e9veloppement de comp\u00e9tences particuli\u00e8res, tant sur le plan p\u00e9dagogique qu\u2019humain, et contribue \u00e0 maintenir l\u2019esprit de la p\u00e9dagogie de Maria Montessori dans la pratique quotidienne aupr\u00e8s des enfants. Les \u00e9changes avec des pairs, les cours de formation continue, la supervision, la participation \u00e0 des conf\u00e9rences ou \u00e0 des congr\u00e8s suisses ou internationaux sont de r\u00e9els aides au d\u00e9veloppement de la conscience et des comp\u00e9tences des professionnels. Ce sont des sources d\u2019inspiration, de soutien, qui leur permettent de renforcer leurs aptitudes.<\/p>\n<p>Les d\u00e9couvertes r\u00e9centes et \u00e0 venir des neurosciences sont \u00e9galement d\u2019une grande utilit\u00e9 dans ce d\u00e9fi que repr\u00e9sente la compr\u00e9hension du monde de l\u2019enfance. Elles informent sur le d\u00e9veloppement et le fonctionnement du cerveau d\u2019un enfant ou d\u2019un adolescent et donnent des rep\u00e8res sur ce que l\u2019on peut attendre d\u2019eux suivant leurs \u00e2ges. Elles permettent ainsi de mettre en \u00e9vidence les demandes et attentes des adultes qu\u2019ils ne peuvent pas int\u00e9grer, pas comprendre car ils n\u2019ont pas encore le cerveau construit pour cela.<\/p>\n<p>La formation continue est un processus s\u2019appuyant tant sur la formation de base du professionnel, ses comp\u00e9tences, son exp\u00e9rience, sa r\u00e9flexion que son int\u00e9gration de la p\u00e9dagogie. Elle am\u00e8ne l\u2019enseignant ou l\u2019\u00e9ducateur \u00e0 s\u2019interroger sur sa posture, ses attitudes, ses perceptions, ses \u00e9motions, son fonctionnement, ses actions et son impact. Elle l\u2019aide \u00e0 prendre de la distance par rapport \u00e0 son activit\u00e9 et donc \u00e0 mieux s\u2019observer, observer et intervenir, de mani\u00e8re constructive, cibl\u00e9e et soutenante pour l\u2019enfant.<\/p>\n<p>Ce regard externe est\u00a0une aide\u00a0indispensable pour garder la rigueur qu\u2019implique la mise en pratique de la p\u00e9dagogie Montessori.[\/vc_column_text][vc_empty_space height=\u00a0\u00bb50px\u00a0\u00bb][\/vc_column][vc_column width=\u00a0\u00bb1\/6&Prime;][\/vc_column][\/vc_row][vc_row row_type=\u00a0\u00bbrow\u00a0\u00bb content_width=\u00a0\u00bbgrid\u00a0\u00bb anchor=\u00a0\u00bb\u00a0\u00bb content_aligment=\u00a0\u00bbleft\u00a0\u00bb css_animation=\u00a0\u00bb\u00a0\u00bb][vc_column][\/vc_column][\/vc_row][vc_row row_type=\u00a0\u00bbrow\u00a0\u00bb content_width=\u00a0\u00bbfull-width\u00a0\u00bb anchor=\u00a0\u00bb\u00a0\u00bb content_aligment=\u00a0\u00bbleft\u00a0\u00bb css_animation=\u00a0\u00bb\u00a0\u00bb][vc_column]<div class=\"eltd-elements-holder eltd-two-columns eltd-responsive-mode-768\" ><div class=\"eltd-elements-holder-item eltd-fade-in-down\" style=\"background-color: #002749;transition-delay:200ms;-webkit-transition-delay:200ms\">\n\t<div class=\"eltd-elements-holder-item-inner\">\n\t\t<div class=\"eltd-elements-holder-item-content eltd-elements-holder-custom-681610\" style=\"padding: 10% 25% 10% 30%\">\n\t\t\t\t\t\t<style type=\"text\/css\" data-type=\"eltd-elements-custom-padding\" scoped>\n\t\t\t\t\t\t\t\t\t@media only screen and (min-width: 1024px) and (max-width: 1280px) {\n\t\t\t\t\t\t.eltd-elements-holder .eltd-elements-holder-item-content.eltd-elements-holder-custom-681610 {\n\t\t\t\t\t\t\tpadding: 10% 15% 10% 20% !important;\n\t\t\t\t\t\t}\n\t\t\t\t\t}\n\t\t\t\t\t\t\t\t\t\t\t\t@media only screen and (min-width: 768px) and (max-width: 1024px) {\n\t\t\t\t\t.eltd-elements-holder .eltd-elements-holder-item-content.eltd-elements-holder-custom-681610 {\n\t\t\t\t\t\tpadding: 50px 50px 50px 50px !important;\n\t\t\t\t\t}\n\t\t\t\t}\n\t\t\t\t\t\t\t\t\t\t\t\t@media only screen and (min-width: 600px) and (max-width: 768px) {\n\t\t\t\t\t.eltd-elements-holder .eltd-elements-holder-item-content.eltd-elements-holder-custom-681610 {\n\t\t\t\t\t\tpadding: 50px 50px 50px 50px !important;\n\t\t\t\t\t}\n\t\t\t\t}\n\t\t\t\t\t\t\t\t\t\t\t\t@media only screen and (min-width: 480px) and (max-width: 600px) {\n\t\t\t\t\t.eltd-elements-holder .eltd-elements-holder-item-content.eltd-elements-holder-custom-681610 {\n\t\t\t\t\t\tpadding: 50px 50px 50px 50px !important;\n\t\t\t\t\t}\n\t\t\t\t}\n\t\t\t\t\t\t\t\t\t\t\t\t@media only screen and (max-width: 480px) {\n\t\t\t\t\t.eltd-elements-holder .eltd-elements-holder-item-content.eltd-elements-holder-custom-681610 {\n\t\t\t\t\t\tpadding: 25px 50px 25px 50px !important;\n\t\t\t\t\t}\n\t\t\t\t}\n\t\t\t\t\t\t\t\t<\/style>\n\t\t\t\t\t\t[vc_empty_space height=\u00a0\u00bb6&Prime;][vc_column_text]<span style=\"color: #ffffff;\">\u00ab\u202f[\u2026] la premi\u00e8re chose \u00e0 faire pour enseigner dans une \u00e9cole Montessori consiste \u00e0 renoncer \u00e0 sa toute-puissance pour s\u2019appr\u00eater \u00e0 observer avec joie. Si l\u2019enseignant prend du plaisir \u00e0 voir les choses na\u00eetre et grandir sous ses yeux et s\u2019il sait travailler avec humilit\u00e9, des joies nombreuses l\u2019attendent\u00a0[\u2026\u202f]\u202f\u00bb\u00a0(M. Montessori,\u00a0<em>\u00c9duquer le potentiel humain<\/em>, pp.149-150).<\/span>[\/vc_column_text][vc_empty_space height=\u00a0\u00bb44&Prime;]\t\t<\/div>\n\t<\/div>\n<\/div><div class=\"eltd-elements-holder-item eltd-horizontal-alignment-center\" style=\"background-image: url(https:\/\/ardem.ch\/wp-content\/uploads\/2019\/08\/vevey2.jpg)\">\n\t<div class=\"eltd-elements-holder-item-inner\">\n\t\t<div class=\"eltd-elements-holder-item-content eltd-elements-holder-custom-389280\" style=\"padding: 0 0 0 0\">\n\t\t\t\t\t\t<style type=\"text\/css\" data-type=\"eltd-elements-custom-padding\" scoped>\n\t\t\t\t\t\t\t\t\t@media only screen and (min-width: 1024px) and (max-width: 1280px) {\n\t\t\t\t\t\t.eltd-elements-holder .eltd-elements-holder-item-content.eltd-elements-holder-custom-389280 {\n\t\t\t\t\t\t\tpadding:  !important;\n\t\t\t\t\t\t}\n\t\t\t\t\t}\n\t\t\t\t\t\t\t\t\t\t\t\t@media only screen and (min-width: 768px) and (max-width: 1024px) {\n\t\t\t\t\t.eltd-elements-holder .eltd-elements-holder-item-content.eltd-elements-holder-custom-389280 {\n\t\t\t\t\t\tpadding: 50px 50px 50px 50px !important;\n\t\t\t\t\t}\n\t\t\t\t}\n\t\t\t\t\t\t\t\t\t\t\t\t@media only screen and (min-width: 600px) and (max-width: 768px) {\n\t\t\t\t\t.eltd-elements-holder .eltd-elements-holder-item-content.eltd-elements-holder-custom-389280 {\n\t\t\t\t\t\tpadding:  !important;\n\t\t\t\t\t}\n\t\t\t\t}\n\t\t\t\t\t\t\t\t\t\t\t\t@media only screen and (min-width: 480px) and (max-width: 600px) {\n\t\t\t\t\t.eltd-elements-holder .eltd-elements-holder-item-content.eltd-elements-holder-custom-389280 {\n\t\t\t\t\t\tpadding:  !important;\n\t\t\t\t\t}\n\t\t\t\t}\n\t\t\t\t\t\t\t\t\t\t\t\t@media only screen and (max-width: 480px) {\n\t\t\t\t\t.eltd-elements-holder .eltd-elements-holder-item-content.eltd-elements-holder-custom-389280 {\n\t\t\t\t\t\tpadding:  !important;\n\t\t\t\t\t}\n\t\t\t\t}\n\t\t\t\t\t\t\t\t<\/style>\n\t\t\t\t\t\t[vc_empty_space height=\u00a0\u00bb200&Prime;]\t\t<\/div>\n\t<\/div>\n<\/div><\/div>[\/vc_column][\/vc_row][vc_row row_type=\u00a0\u00bbrow\u00a0\u00bb content_width=\u00a0\u00bbgrid\u00a0\u00bb anchor=\u00a0\u00bb\u00a0\u00bb content_aligment=\u00a0\u00bbright\u00a0\u00bb css_animation=\u00a0\u00bb\u00a0\u00bb][vc_column][vc_empty_space height=\u00a0\u00bb50&Prime;]<a href=\"https:\/\/ardem.ch\" target=\"_self\"  class=\"eltd-btn eltd-btn-small eltd-btn-outline\"  >\n    <span class=\"eltd-btn-text\">retour \u00e0 la page d&#039;accueil<\/span>\n    <\/a>[vc_empty_space height=\u00a0\u00bb35&Prime;][\/vc_column][\/vc_row]<\/p>\n","protected":false},"excerpt":{"rendered":"<p>[vc_row row_type=\u00a0\u00bbrow\u00a0\u00bb content_width=\u00a0\u00bbfull-width\u00a0\u00bb anchor=\u00a0\u00bb\u00a0\u00bb content_aligment=\u00a0\u00bbleft\u00a0\u00bb css_animation=\u00a0\u00bb\u00a0\u00bb][vc_column][vc_empty_space height=\u00a0\u00bb30&Prime;][\/vc_column][\/vc_row][vc_row row_type=\u00a0\u00bbrow\u00a0\u00bb content_width=\u00a0\u00bbgrid\u00a0\u00bb anchor=\u00a0\u00bb\u00a0\u00bb content_aligment=\u00a0\u00bbcenter\u00a0\u00bb css_animation=\u00a0\u00bb\u00a0\u00bb][vc_column width=\u00a0\u00bb1\/6&Prime;][\/vc_column][vc_column width=\u00a0\u00bb2\/3&Prime;][vc_empty_space height=\u00a0\u00bb20px\u00a0\u00bb][vc_column_text] Formation continue des professionnels [\/vc_column_text][\/vc_column][vc_column width=\u00a0\u00bb1\/6&Prime;][\/vc_column][\/vc_row][vc_row row_type=\u00a0\u00bbrow\u00a0\u00bb content_width=\u00a0\u00bbgrid\u00a0\u00bb anchor=\u00a0\u00bb\u00a0\u00bb content_aligment=\u00a0\u00bbleft\u00a0\u00bb css_animation=\u00a0\u00bb\u00a0\u00bb][vc_column width=\u00a0\u00bb1\/6&Prime;][\/vc_column][vc_column width=\u00a0\u00bb2\/3&Prime;][vc_empty_space height=\u00a0\u00bb50&Prime;][vc_column_text] Proposition actuelle 26-27 Septembre 2020: Montessori, neurosciences et apprentissages [\/vc_column_text][vc_empty_space height=\u00a0\u00bb32&Prime;][vc_column_text]La formation continue contribue de fa\u00e7on&#8230;<\/p>\n","protected":false},"author":1,"featured_media":0,"parent":0,"menu_order":13,"comment_status":"closed","ping_status":"closed","template":"full-width.php","meta":{"footnotes":""},"class_list":["post-29922","page","type-page","status-publish","hentry"],"_links":{"self":[{"href":"https:\/\/ardem.ch\/fr\/wp-json\/wp\/v2\/pages\/29922","targetHints":{"allow":["GET"]}}],"collection":[{"href":"https:\/\/ardem.ch\/fr\/wp-json\/wp\/v2\/pages"}],"about":[{"href":"https:\/\/ardem.ch\/fr\/wp-json\/wp\/v2\/types\/page"}],"author":[{"embeddable":true,"href":"https:\/\/ardem.ch\/fr\/wp-json\/wp\/v2\/users\/1"}],"replies":[{"embeddable":true,"href":"https:\/\/ardem.ch\/fr\/wp-json\/wp\/v2\/comments?post=29922"}],"version-history":[{"count":64,"href":"https:\/\/ardem.ch\/fr\/wp-json\/wp\/v2\/pages\/29922\/revisions"}],"predecessor-version":[{"id":31333,"href":"https:\/\/ardem.ch\/fr\/wp-json\/wp\/v2\/pages\/29922\/revisions\/31333"}],"wp:attachment":[{"href":"https:\/\/ardem.ch\/fr\/wp-json\/wp\/v2\/media?parent=29922"}],"curies":[{"name":"wp","href":"https:\/\/api.w.org\/{rel}","templated":true}]}}