{"id":30247,"date":"2019-08-26T10:57:09","date_gmt":"2019-08-26T08:57:09","guid":{"rendered":"https:\/\/ardem.ch\/?page_id=30247"},"modified":"2020-03-07T22:03:55","modified_gmt":"2020-03-07T21:03:55","slug":"structures-daccueil-et-institutions","status":"publish","type":"page","link":"https:\/\/ardem.ch\/fr\/fr\/structures-daccueil-et-institutions\/","title":{"rendered":"STRUCTURES D&rsquo;ACCUEIL ET INSTITUTIONS"},"content":{"rendered":"<p>[vc_row row_type=\u00a0\u00bbrow\u00a0\u00bb content_width=\u00a0\u00bbgrid\u00a0\u00bb anchor=\u00a0\u00bb\u00a0\u00bb content_aligment=\u00a0\u00bbleft\u00a0\u00bb css_animation=\u00a0\u00bb\u00a0\u00bb][vc_column][vc_empty_space][vc_column_text]La p\u00e9dagogie Montessori influence et inspire de nombreux secteurs de l\u2019\u00e9ducation. Des professionnels de l\u2019enfance, d\u00e9sireux de mieux prendre soin des enfants qui leur sont confi\u00e9s, sont d\u2019accord de remettre en question leurs croyances, acceptant que<strong> \u00ab [\u2026] tout un chacun ne voit que l\u2019enfant connu et non celui qui reste inconnu \u00bb <\/strong>(M. Montessori, <em>La formation de l\u2019homme, <\/em>p.66).<\/p>\n<p>Ainsi, des structures d\u2019accueil et institutions actives dans le domaine de l\u2019enfance se reconnaissant dans les valeurs de la p\u00e9dagogie de Maria Montessori, tendent \u00e0 mettre en pratique un accompagnement des enfants qui les aident \u00e0 conqu\u00e9rir leur ind\u00e9pendance.<\/p>\n<p>Ces lieux d\u2019accueil s\u2019engagent \u00e0 appliquer et\/ou \u00e0 favoriser les principes fondamentaux suivants\u00a0:<\/p>\n<ul>\n<li>l\u2019autonomie de l\u2019enfant<\/li>\n<li>le libre choix<\/li>\n<li>le respect du rythme de l\u2019enfant<\/li>\n<li>le respect de la personnalit\u00e9, des capacit\u00e9s et du potentiel de chaque enfant<\/li>\n<li>l\u2019absence de comp\u00e9tition et de comparaison<\/li>\n<li>la non-stigmatisation de l\u2019erreur<\/li>\n<li>un accompagnement sans punitions ni r\u00e9compenses<\/li>\n<li>la libert\u00e9 de mouvement<\/li>\n<li>le multi-\u00e2ge<\/li>\n<li>un environnement adapt\u00e9 et respectueux du d\u00e9veloppement physique et psychologique de l\u2019enfant<\/li>\n<\/ul>\n<p>Ces structures, centr\u00e9es sur les besoins de l\u2019enfant et le d\u00e9veloppement de son potentiel :<\/p>\n<ul>\n<li>s\u2019appuient sur les derni\u00e8res recherches scientifiques<\/li>\n<li>encouragent et soutiennent la formation continue de leurs collaborateurs, car elles savent que <strong>\u00ab [\u2026] pour lib\u00e9rer l\u2019enfant et pour mettre en lumi\u00e8re ses capacit\u00e9s, la grande difficult\u00e9 ne consiste pas \u00e0 d\u00e9couvrir une forme d\u2019\u00e9ducation r\u00e9alisatrice, mais \u00e0 vaincre les pr\u00e9jug\u00e9s de l\u2019adulte \u00e0 l\u2019\u00e9gard de l\u2019enfant \u00bb<\/strong> (M. Montessori, <em>La formation de l\u2019homme, <\/em>71).<\/li>\n<\/ul>\n<p>[\/vc_column_text][vc_empty_space][vc_row_inner row_type=\u00a0\u00bbrow\u00a0\u00bb content_width=\u00a0\u00bbgrid\u00a0\u00bb content_aligment=\u00a0\u00bbright\u00a0\u00bb css_animation=\u00a0\u00bb\u00a0\u00bb][vc_column_inner]<a href=\"https:\/\/ardem.ch\" target=\"_self\"  class=\"eltd-btn eltd-btn-small eltd-btn-outline\"  >\n    <span class=\"eltd-btn-text\">retour \u00e0 la page d&#039;accueil<\/span>\n    <\/a>[vc_empty_space][\/vc_column_inner][\/vc_row_inner][\/vc_column][\/vc_row]<\/p>\n","protected":false},"excerpt":{"rendered":"<p>[vc_row row_type=\u00a0\u00bbrow\u00a0\u00bb content_width=\u00a0\u00bbgrid\u00a0\u00bb anchor=\u00a0\u00bb\u00a0\u00bb content_aligment=\u00a0\u00bbleft\u00a0\u00bb css_animation=\u00a0\u00bb\u00a0\u00bb][vc_column][vc_empty_space][vc_column_text]La p\u00e9dagogie Montessori influence et inspire de nombreux secteurs de l\u2019\u00e9ducation. Des professionnels de l\u2019enfance, d\u00e9sireux de mieux prendre soin des enfants qui leur sont confi\u00e9s, sont d\u2019accord de remettre en question leurs croyances, acceptant que \u00ab [\u2026] tout un&#8230;<\/p>\n","protected":false},"author":1,"featured_media":0,"parent":0,"menu_order":0,"comment_status":"closed","ping_status":"closed","template":"full-width.php","meta":{"footnotes":""},"class_list":["post-30247","page","type-page","status-publish","hentry"],"_links":{"self":[{"href":"https:\/\/ardem.ch\/fr\/wp-json\/wp\/v2\/pages\/30247","targetHints":{"allow":["GET"]}}],"collection":[{"href":"https:\/\/ardem.ch\/fr\/wp-json\/wp\/v2\/pages"}],"about":[{"href":"https:\/\/ardem.ch\/fr\/wp-json\/wp\/v2\/types\/page"}],"author":[{"embeddable":true,"href":"https:\/\/ardem.ch\/fr\/wp-json\/wp\/v2\/users\/1"}],"replies":[{"embeddable":true,"href":"https:\/\/ardem.ch\/fr\/wp-json\/wp\/v2\/comments?post=30247"}],"version-history":[{"count":19,"href":"https:\/\/ardem.ch\/fr\/wp-json\/wp\/v2\/pages\/30247\/revisions"}],"predecessor-version":[{"id":32563,"href":"https:\/\/ardem.ch\/fr\/wp-json\/wp\/v2\/pages\/30247\/revisions\/32563"}],"wp:attachment":[{"href":"https:\/\/ardem.ch\/fr\/wp-json\/wp\/v2\/media?parent=30247"}],"curies":[{"name":"wp","href":"https:\/\/api.w.org\/{rel}","templated":true}]}}