{"id":30303,"date":"2019-08-27T02:19:28","date_gmt":"2019-08-27T00:19:28","guid":{"rendered":"https:\/\/ardem.ch\/?page_id=30303"},"modified":"2022-03-04T15:49:18","modified_gmt":"2022-03-04T14:49:18","slug":"qui-sommes-nous","status":"publish","type":"page","link":"https:\/\/ardem.ch\/fr\/fr\/qui-sommes-nous\/","title":{"rendered":"QUI SOMMES-NOUS ?"},"content":{"rendered":"<p>[vc_row row_type=\u00a0\u00bbrow\u00a0\u00bb content_width=\u00a0\u00bbgrid\u00a0\u00bb anchor=\u00a0\u00bb\u00a0\u00bb content_aligment=\u00a0\u00bbcenter\u00a0\u00bb css_animation=\u00a0\u00bb\u00a0\u00bb][vc_column width=\u00a0\u00bb1\/6&Prime;][\/vc_column][vc_column width=\u00a0\u00bb2\/3&Prime;][vc_empty_space][vc_column_text]<\/p>\n<p style=\"text-align: left;\">L\u2019ARdEM\u00a0est une association \u00e0 but non lucratif\u00a0ayant\u00a0pour but de promouvoir l&rsquo;application d&rsquo;une p\u00e9dagogie Montessori de grande qualit\u00e9.<\/p>\n<p style=\"text-align: left;\">Elle a \u00e9t\u00e9 fond\u00e9e en\u00a0juillet\u00a02019 par des personnes de\u00a0bonne volont\u00e9 venant de\u00a0divers horizons,\u00a0convaincues\u00a0de l\u2019importance de l\u2019\u00e9ducation\u00a0et\u00a0voyant en elle un \u00e9l\u00e9ment cl\u00e9\u00a0pour une\u00a0am\u00e9lioration durable du\u00a0monde\u00a0actuel, en termes de relations humaines et de rapport \u00e0 l\u2019environnement.<\/p>\n<p style=\"text-align: left;\">Notre souhait est\u00a0que des enseignants, des \u00e9ducateurs,\u00a0d\u2019autres professionnels de l\u2019enfance,\u00a0ou encore\u00a0des parents,\u00a0puissent\u00a0\u00eatre stimul\u00e9s dans\u00a0leurs connaissances\u00a0et\u00a0leur compr\u00e9hension des\u00a0enfants\u00a0qu\u2019ils accompagnent\u00a0au quotidien\u00a0par le biais d\u2019informations trouv\u00e9es sur ou au travers de notre site.<\/p>\n<p style=\"text-align: left;\">Notre envie est de pouvoir s\u00e9lectionner et indiquer \u00e0 ces m\u00eames personnes des formations et des manifestations qui fassent \u00e9cho aux questions qu\u2019elles se posent et leur servent \u00e0 consolider et perfectionner leurs comp\u00e9tences humaines et professionnelles.<\/p>\n<p style=\"text-align: left;\">Tels sont nos buts, tels sont nos espoirs.<br \/>\nTelle\u00a0est\u00a0la\u00a0raison d\u2019\u00eatre de cette association.<\/p>\n<p>[\/vc_column_text][vc_empty_space][\/vc_column][vc_column width=\u00a0\u00bb1\/6&Prime;][\/vc_column][\/vc_row]<\/p>\n","protected":false},"excerpt":{"rendered":"<p>[vc_row row_type=\u00a0\u00bbrow\u00a0\u00bb content_width=\u00a0\u00bbgrid\u00a0\u00bb anchor=\u00a0\u00bb\u00a0\u00bb content_aligment=\u00a0\u00bbcenter\u00a0\u00bb css_animation=\u00a0\u00bb\u00a0\u00bb][vc_column width=\u00a0\u00bb1\/6&Prime;][\/vc_column][vc_column width=\u00a0\u00bb2\/3&Prime;][vc_empty_space][vc_column_text] L\u2019ARdEM\u00a0est une association \u00e0 but non lucratif\u00a0ayant\u00a0pour but de promouvoir l&rsquo;application d&rsquo;une p\u00e9dagogie Montessori de grande qualit\u00e9. Elle a \u00e9t\u00e9 fond\u00e9e en\u00a0juillet\u00a02019 par des personnes de\u00a0bonne volont\u00e9 venant de\u00a0divers horizons,\u00a0convaincues\u00a0de l\u2019importance de l\u2019\u00e9ducation\u00a0et\u00a0voyant en elle un \u00e9l\u00e9ment&#8230;<\/p>\n","protected":false},"author":1,"featured_media":0,"parent":0,"menu_order":9,"comment_status":"closed","ping_status":"closed","template":"full-width.php","meta":{"footnotes":""},"class_list":["post-30303","page","type-page","status-publish","hentry"],"_links":{"self":[{"href":"https:\/\/ardem.ch\/fr\/wp-json\/wp\/v2\/pages\/30303","targetHints":{"allow":["GET"]}}],"collection":[{"href":"https:\/\/ardem.ch\/fr\/wp-json\/wp\/v2\/pages"}],"about":[{"href":"https:\/\/ardem.ch\/fr\/wp-json\/wp\/v2\/types\/page"}],"author":[{"embeddable":true,"href":"https:\/\/ardem.ch\/fr\/wp-json\/wp\/v2\/users\/1"}],"replies":[{"embeddable":true,"href":"https:\/\/ardem.ch\/fr\/wp-json\/wp\/v2\/comments?post=30303"}],"version-history":[{"count":10,"href":"https:\/\/ardem.ch\/fr\/wp-json\/wp\/v2\/pages\/30303\/revisions"}],"predecessor-version":[{"id":31213,"href":"https:\/\/ardem.ch\/fr\/wp-json\/wp\/v2\/pages\/30303\/revisions\/31213"}],"wp:attachment":[{"href":"https:\/\/ardem.ch\/fr\/wp-json\/wp\/v2\/media?parent=30303"}],"curies":[{"name":"wp","href":"https:\/\/api.w.org\/{rel}","templated":true}]}}