{"id":30698,"date":"2019-08-31T16:08:21","date_gmt":"2019-08-31T14:08:21","guid":{"rendered":"https:\/\/ardem.ch\/?page_id=30698"},"modified":"2025-07-24T07:31:10","modified_gmt":"2025-07-24T05:31:10","slug":"ecoles-montessori","status":"publish","type":"page","link":"https:\/\/ardem.ch\/fr\/fr\/ecoles-montessori\/","title":{"rendered":"ECOLES MONTESSORI"},"content":{"rendered":"<p>[vc_row row_type=\u00a0\u00bbrow\u00a0\u00bb content_width=\u00a0\u00bbfull-width\u00a0\u00bb anchor=\u00a0\u00bb\u00a0\u00bb content_aligment=\u00a0\u00bbleft\u00a0\u00bb css_animation=\u00a0\u00bb\u00a0\u00bb][vc_column][vc_empty_space height=\u00a0\u00bb100&Prime;][\/vc_column][\/vc_row][vc_row row_type=\u00a0\u00bbrow\u00a0\u00bb content_width=\u00a0\u00bbgrid\u00a0\u00bb anchor=\u00a0\u00bb\u00a0\u00bb content_aligment=\u00a0\u00bbcenter\u00a0\u00bb css_animation=\u00a0\u00bb\u00a0\u00bb css=\u00a0\u00bb.vc_custom_1447258055341{padding-bottom: 25px !important;}\u00a0\u00bb][vc_column offset=\u00a0\u00bbvc_col-md-5&Prime;]<div class=\"eltd-elements-holder eltd-responsive-mode-768\" ><div class=\"eltd-elements-holder-item \" >\n\t<div class=\"eltd-elements-holder-item-inner\">\n\t\t<div class=\"eltd-elements-holder-item-content eltd-elements-holder-custom-196105\" style=\"padding: 50px 0 30px 0\">\n\t\t\t\t\t\t<style type=\"text\/css\" data-type=\"eltd-elements-custom-padding\" scoped>\n\t\t\t\t\t\t\t\t\t@media only screen and (min-width: 1024px) and (max-width: 1280px) {\n\t\t\t\t\t\t.eltd-elements-holder .eltd-elements-holder-item-content.eltd-elements-holder-custom-196105 {\n\t\t\t\t\t\t\tpadding: 60px 0 50px 0 !important;\n\t\t\t\t\t\t}\n\t\t\t\t\t}\n\t\t\t\t\t\t\t\t\t\t\t\t@media only screen and (min-width: 768px) and (max-width: 1024px) {\n\t\t\t\t\t.eltd-elements-holder .eltd-elements-holder-item-content.eltd-elements-holder-custom-196105 {\n\t\t\t\t\t\tpadding: 60px 0 50px 0 !important;\n\t\t\t\t\t}\n\t\t\t\t}\n\t\t\t\t\t\t\t\t\t\t\t\t@media only screen and (min-width: 600px) and (max-width: 768px) {\n\t\t\t\t\t.eltd-elements-holder .eltd-elements-holder-item-content.eltd-elements-holder-custom-196105 {\n\t\t\t\t\t\tpadding: 50px 0 50px 0 !important;\n\t\t\t\t\t}\n\t\t\t\t}\n\t\t\t\t\t\t\t\t\t\t\t\t@media only screen and (min-width: 480px) and (max-width: 600px) {\n\t\t\t\t\t.eltd-elements-holder .eltd-elements-holder-item-content.eltd-elements-holder-custom-196105 {\n\t\t\t\t\t\tpadding: 50px 0 50px 0 !important;\n\t\t\t\t\t}\n\t\t\t\t}\n\t\t\t\t\t\t\t\t\t\t\t\t@media only screen and (max-width: 480px) {\n\t\t\t\t\t.eltd-elements-holder .eltd-elements-holder-item-content.eltd-elements-holder-custom-196105 {\n\t\t\t\t\t\tpadding: 50px 0 50px 0 !important;\n\t\t\t\t\t}\n\t\t\t\t}\n\t\t\t\t\t\t\t\t<\/style>\n\t\t\t\t\t\t[vc_single_image image=\u00a0\u00bb30816&Prime; img_size=\u00a0\u00bbfull\u00a0\u00bb alignment=\u00a0\u00bbcenter\u00a0\u00bb css_animation=\u00a0\u00bbtop-to-bottom\u00a0\u00bb]\t\t<\/div>\n\t<\/div>\n<\/div><\/div>[\/vc_column][vc_column offset=\u00a0\u00bbvc_col-md-7&Prime;][vc_empty_space height=\u00a0\u00bb20px\u00a0\u00bb][vc_single_image image=\u00a0\u00bb30225&Prime; img_size=\u00a0\u00bb322&#215;80&Prime;][vc_row_inner row_type=\u00a0\u00bbrow\u00a0\u00bb content_width=\u00a0\u00bbfull-width\u00a0\u00bb content_aligment=\u00a0\u00bbleft\u00a0\u00bb css_animation=\u00a0\u00bb\u00a0\u00bb][vc_column_inner width=\u00a0\u00bb3\/4&Prime;][vc_column_text]16, chemin du Bocage<br \/>\n1213 Onex \u2013 Gen\u00e8ve<\/p>\n<p>El\u00e8ves de 3 \u00e0 6 ans<\/p>\n<p data-fontsize=\"16\" data-lineheight=\"24\">T\u00e9l: +41 (0)79 656 6810<br \/>\nEmail <a href=\"mailto:contact@montessorilittlebirds.ch\" rel=\"noopener noreferrer\">contact@montessorilittlebirds.ch<\/a><br \/>\nSite web <a href=\"http:\/\/montessorilittlebirds.ch\/\" target=\"_blank\" rel=\"noopener noreferrer\">www.montessorilittlebirds.ch<\/a><\/p>\n<p>[\/vc_column_text][vc_empty_space]<a href=\"https:\/\/ardem.ch\/ecole-little-birds\/\" target=\"_self\" style=\"color: #ffffff;background-color: #ad95c8\" class=\"eltd-btn eltd-btn-small eltd-btn-solid eltd-btn-custom-hover-color\" data-hover-color=\"#efbe37\" >\n    <span class=\"eltd-btn-text\">Plus d&#039;informations sur l&#039;\u00e9cole<\/span>\n    <\/a>[\/vc_column_inner][\/vc_row_inner][\/vc_column][\/vc_row][vc_row row_type=\u00a0\u00bbrow\u00a0\u00bb content_width=\u00a0\u00bbgrid\u00a0\u00bb anchor=\u00a0\u00bb\u00a0\u00bb content_aligment=\u00a0\u00bbcenter\u00a0\u00bb css_animation=\u00a0\u00bb\u00a0\u00bb css=\u00a0\u00bb.vc_custom_1447258055341{padding-bottom: 25px !important;}\u00a0\u00bb][vc_column offset=\u00a0\u00bbvc_col-md-5&Prime;]<div class=\"eltd-elements-holder eltd-responsive-mode-768\" ><div class=\"eltd-elements-holder-item \" >\n\t<div class=\"eltd-elements-holder-item-inner\">\n\t\t<div class=\"eltd-elements-holder-item-content eltd-elements-holder-custom-953695\" style=\"padding: 50px 0 30px 0\">\n\t\t\t\t\t\t<style type=\"text\/css\" data-type=\"eltd-elements-custom-padding\" scoped>\n\t\t\t\t\t\t\t\t\t@media only screen and (min-width: 1024px) and (max-width: 1280px) {\n\t\t\t\t\t\t.eltd-elements-holder .eltd-elements-holder-item-content.eltd-elements-holder-custom-953695 {\n\t\t\t\t\t\t\tpadding: 60px 0 50px 0 !important;\n\t\t\t\t\t\t}\n\t\t\t\t\t}\n\t\t\t\t\t\t\t\t\t\t\t\t@media only screen and (min-width: 768px) and (max-width: 1024px) {\n\t\t\t\t\t.eltd-elements-holder .eltd-elements-holder-item-content.eltd-elements-holder-custom-953695 {\n\t\t\t\t\t\tpadding: 60px 0 50px 0 !important;\n\t\t\t\t\t}\n\t\t\t\t}\n\t\t\t\t\t\t\t\t\t\t\t\t@media only screen and (min-width: 600px) and (max-width: 768px) {\n\t\t\t\t\t.eltd-elements-holder .eltd-elements-holder-item-content.eltd-elements-holder-custom-953695 {\n\t\t\t\t\t\tpadding: 50px 0 50px 0 !important;\n\t\t\t\t\t}\n\t\t\t\t}\n\t\t\t\t\t\t\t\t\t\t\t\t@media only screen and (min-width: 480px) and (max-width: 600px) {\n\t\t\t\t\t.eltd-elements-holder .eltd-elements-holder-item-content.eltd-elements-holder-custom-953695 {\n\t\t\t\t\t\tpadding: 50px 0 50px 0 !important;\n\t\t\t\t\t}\n\t\t\t\t}\n\t\t\t\t\t\t\t\t\t\t\t\t@media only screen and (max-width: 480px) {\n\t\t\t\t\t.eltd-elements-holder .eltd-elements-holder-item-content.eltd-elements-holder-custom-953695 {\n\t\t\t\t\t\tpadding: 50px 0 50px 0 !important;\n\t\t\t\t\t}\n\t\t\t\t}\n\t\t\t\t\t\t\t\t<\/style>\n\t\t\t\t\t\t[vc_single_image image=\u00a0\u00bb30076&Prime; img_size=\u00a0\u00bbfull\u00a0\u00bb alignment=\u00a0\u00bbcenter\u00a0\u00bb css_animation=\u00a0\u00bbtop-to-bottom\u00a0\u00bb]\t\t<\/div>\n\t<\/div>\n<\/div><\/div>[\/vc_column][vc_column offset=\u00a0\u00bbvc_col-md-7&Prime;][vc_empty_space][vc_single_image image=\u00a0\u00bb30043&Prime; img_size=\u00a0\u00bb200&#215;85&Prime;][vc_row_inner row_type=\u00a0\u00bbrow\u00a0\u00bb content_width=\u00a0\u00bbfull-width\u00a0\u00bb content_aligment=\u00a0\u00bbleft\u00a0\u00bb css_animation=\u00a0\u00bb\u00a0\u00bb][vc_column_inner width=\u00a0\u00bb3\/4&Prime;][vc_column_text]11 rue de l&rsquo;Union<br \/>\n1800 Vevey<\/p>\n<p>El\u00e8ves de 3 \u00e0 16 ans<\/p>\n<p>T\u00e9l. 021 923 72 63<br \/>\nEmail <a href=\"mailto:info@montessorivevey.com\" rel=\"noopener noreferrer\">info@montessorivevey.com<\/a><br \/>\nSite web <a href=\"http:\/\/www.montessori-vevey.ch\" target=\"_blank\" rel=\"noopener noreferrer\">www.montessori-vevey.ch<\/a>[\/vc_column_text][vc_empty_space]<a href=\"https:\/\/ardem.ch\/ecole-montessori-vevey\/\" target=\"_self\" style=\"color: #ffffff;background-color: #ad95c8\" class=\"eltd-btn eltd-btn-small eltd-btn-solid eltd-btn-custom-hover-color\" data-hover-color=\"#efbe37\" >\n    <span class=\"eltd-btn-text\">Plus d&#039;informations sur l&#039;\u00e9cole<\/span>\n    <\/a>[\/vc_column_inner][\/vc_row_inner][\/vc_column][\/vc_row]<\/p>\n","protected":false},"excerpt":{"rendered":"<p>[vc_row row_type=\u00a0\u00bbrow\u00a0\u00bb content_width=\u00a0\u00bbfull-width\u00a0\u00bb anchor=\u00a0\u00bb\u00a0\u00bb content_aligment=\u00a0\u00bbleft\u00a0\u00bb css_animation=\u00a0\u00bb\u00a0\u00bb][vc_column][vc_empty_space height=\u00a0\u00bb100&Prime;][\/vc_column][\/vc_row][vc_row row_type=\u00a0\u00bbrow\u00a0\u00bb content_width=\u00a0\u00bbgrid\u00a0\u00bb anchor=\u00a0\u00bb\u00a0\u00bb content_aligment=\u00a0\u00bbcenter\u00a0\u00bb css_animation=\u00a0\u00bb\u00a0\u00bb css=\u00a0\u00bb.vc_custom_1447258055341{padding-bottom: 25px !important;}\u00a0\u00bb][vc_column offset=\u00a0\u00bbvc_col-md-5&Prime;][\/vc_column][vc_column offset=\u00a0\u00bbvc_col-md-7&Prime;][vc_empty_space height=\u00a0\u00bb20px\u00a0\u00bb][vc_single_image image=\u00a0\u00bb30225&Prime; img_size=\u00a0\u00bb322&#215;80&Prime;][vc_row_inner row_type=\u00a0\u00bbrow\u00a0\u00bb content_width=\u00a0\u00bbfull-width\u00a0\u00bb content_aligment=\u00a0\u00bbleft\u00a0\u00bb css_animation=\u00a0\u00bb\u00a0\u00bb][vc_column_inner width=\u00a0\u00bb3\/4&Prime;][vc_column_text]16, chemin du Bocage 1213 Onex \u2013 Gen\u00e8ve El\u00e8ves de 3 \u00e0 6 ans T\u00e9l: +41 (0)79 656 6810 Email contact@montessorilittlebirds.ch&#8230;<\/p>\n","protected":false},"author":1,"featured_media":0,"parent":0,"menu_order":2,"comment_status":"closed","ping_status":"closed","template":"full-width.php","meta":{"footnotes":""},"class_list":["post-30698","page","type-page","status-publish","hentry"],"_links":{"self":[{"href":"https:\/\/ardem.ch\/fr\/wp-json\/wp\/v2\/pages\/30698","targetHints":{"allow":["GET"]}}],"collection":[{"href":"https:\/\/ardem.ch\/fr\/wp-json\/wp\/v2\/pages"}],"about":[{"href":"https:\/\/ardem.ch\/fr\/wp-json\/wp\/v2\/types\/page"}],"author":[{"embeddable":true,"href":"https:\/\/ardem.ch\/fr\/wp-json\/wp\/v2\/users\/1"}],"replies":[{"embeddable":true,"href":"https:\/\/ardem.ch\/fr\/wp-json\/wp\/v2\/comments?post=30698"}],"version-history":[{"count":17,"href":"https:\/\/ardem.ch\/fr\/wp-json\/wp\/v2\/pages\/30698\/revisions"}],"predecessor-version":[{"id":32547,"href":"https:\/\/ardem.ch\/fr\/wp-json\/wp\/v2\/pages\/30698\/revisions\/32547"}],"wp:attachment":[{"href":"https:\/\/ardem.ch\/fr\/wp-json\/wp\/v2\/media?parent=30698"}],"curies":[{"name":"wp","href":"https:\/\/api.w.org\/{rel}","templated":true}]}}