{"id":31494,"date":"2021-08-17T14:39:08","date_gmt":"2021-08-17T12:39:08","guid":{"rendered":"https:\/\/ardem.ch\/?page_id=31494"},"modified":"2022-11-06T15:25:12","modified_gmt":"2022-11-06T14:25:12","slug":"ardem-en","status":"publish","type":"page","link":"https:\/\/ardem.ch\/fr\/en\/","title":{"rendered":"WELCOME"},"content":{"rendered":"<p>[vc_row row_type=\u00a0\u00bbparallax\u00a0\u00bb content_width=\u00a0\u00bbgrid\u00a0\u00bb anchor=\u00a0\u00bb\u00a0\u00bb bottom_triangle=\u00a0\u00bbno\u00a0\u00bb content_aligment=\u00a0\u00bbcenter\u00a0\u00bb full_screen_section_height=\u00a0\u00bbno\u00a0\u00bb section_height=\u00a0\u00bb414&Prime; parallax_speed=\u00a0\u00bb0.8&Prime;][vc_column width=\u00a0\u00bb2\/3&Prime; offset=\u00a0\u00bbvc_col-lg-offset-2 vc_col-lg-8 vc_col-md-offset-2 vc_col-md-8 vc_col-sm-offset-2&Prime;][vc_empty_space height=\u00a0\u00bb70&Prime;]<div class=\"eltd-section-title-outer-holder animate\" style=\"text-align: center\">\n\t<div class=\"eltd-section-title-subtitle-holder\">\n\t\t<h3 class=\"eltd-section-subtitle\" style=\";\"><\/h3>\n\t<\/div>\n\t<div class=\"eltd-section-title-holder\">\n\t\t<h2 class=\"eltd-section-title\" style=\";\">Welcome to the English version<\/h2>\n\t<\/div>\n<\/div>[vc_empty_space height=\u00a0\u00bb30px\u00a0\u00bb]<a href=\"https:\/\/ardem.ch\/fr\/en\/about-us-2\/\" target=\"_self\" style=\"color: #ffffff;background-color: #5500cc;border-color: #ffffff\" class=\"eltd-btn eltd-btn-small eltd-btn-solid eltd-btn-custom-hover-color\" data-hover-color=\"#efbe37\" >\n    <span class=\"eltd-btn-text\">Enter<\/span>\n    <\/a>[vc_empty_space height=\u00a0\u00bb30px\u00a0\u00bb][\/vc_column][\/vc_row][vc_row row_type=\u00a0\u00bbparallax\u00a0\u00bb content_width=\u00a0\u00bbgrid\u00a0\u00bb anchor=\u00a0\u00bb\u00a0\u00bb bottom_triangle=\u00a0\u00bbno\u00a0\u00bb content_aligment=\u00a0\u00bbcenter\u00a0\u00bb full_screen_section_height=\u00a0\u00bbno\u00a0\u00bb section_height=\u00a0\u00bb200&Prime; parallax_speed=\u00a0\u00bb0.8&Prime;][vc_column width=\u00a0\u00bb1\/6&Prime;][\/vc_column][vc_column width=\u00a0\u00bb2\/3&Prime;][vc_empty_space height=\u00a0\u00bb100&Prime;]<div class=\"eltd-section-title-outer-holder \" style=\"text-align: center\">\n\t<div class=\"eltd-section-title-subtitle-holder\">\n\t\t<h3 class=\"eltd-section-subtitle\" style=\";\"><\/h3>\n\t<\/div>\n\t<div class=\"eltd-section-title-holder\">\n\t\t<h2 class=\"eltd-section-title\" style=\";\">Actualit\u00e9 - Blog<\/h2>\n\t<\/div>\n<\/div>[\/vc_column][vc_column width=\u00a0\u00bb1\/6&Prime;][\/vc_column][\/vc_row][vc_row row_type=\u00a0\u00bbrow\u00a0\u00bb content_width=\u00a0\u00bbgrid\u00a0\u00bb anchor=\u00a0\u00bb\u00a0\u00bb content_aligment=\u00a0\u00bbleft\u00a0\u00bb css_animation=\u00a0\u00bb\u00a0\u00bb][vc_column]<div class=\"eltd-blog-list-holder eltd-masonry \">\n\t<ul class=\"eltd-blog-list\">\n\t\t\t<li class=\"eltd-blog-list-masonry-grid-sizer\"><\/li>\n\t\t<li class=\"eltd-blog-list-masonry-grid-gutter\"><\/li>\n\t<li class=\"eltd-blog-list-item eltd-blog-list-masonry-item\">\n\t<div class=\"eltd-blog-list-item-inner\">\n\t\t<div class=\"eltd-item-image clearfix\">\n\t\t\t<a href=\"https:\/\/ardem.ch\/fr\/fr\/journee-portes-ouvertes-a-lecole-montessori-vevey\/\">\n\t\t\t\t<img loading=\"lazy\" decoding=\"async\" width=\"1170\" height=\"1448\" src=\"https:\/\/ardem.ch\/wp-content\/uploads\/2026\/02\/WhatsApp-Image-2026-02-28-at-10.46.59.jpeg\" class=\"attachment-full size-full wp-post-image\" alt=\"\" srcset=\"https:\/\/ardem.ch\/wp-content\/uploads\/2026\/02\/WhatsApp-Image-2026-02-28-at-10.46.59.jpeg 1170w, https:\/\/ardem.ch\/wp-content\/uploads\/2026\/02\/WhatsApp-Image-2026-02-28-at-10.46.59-242x300.jpeg 242w, https:\/\/ardem.ch\/wp-content\/uploads\/2026\/02\/WhatsApp-Image-2026-02-28-at-10.46.59-827x1024.jpeg 827w, https:\/\/ardem.ch\/wp-content\/uploads\/2026\/02\/WhatsApp-Image-2026-02-28-at-10.46.59-768x950.jpeg 768w\" sizes=\"auto, (max-width: 1170px) 100vw, 1170px\" \/>\t\t\t\t\n\t\t\t<\/a>\n\t\t<\/div>\t\n\t\t<div class=\"eltd-item-text-holder\">\n\t\t\t<h6 class=\"eltd-item-title \">\n\t\t\t\t<a href=\"https:\/\/ardem.ch\/fr\/fr\/journee-portes-ouvertes-a-lecole-montessori-vevey\/\" >\n\t\t\t\t\tJourn\u00e9e portes ouvertes \u00e0 l&rsquo;\u00c9COLE MONTESSORI VEVEY\t\t\t\t<\/a>\n\t\t\t<\/h6>\n\t\t\t\t\t\t\t<p class=\"eltd-excerpt\">du 6 au 13 Mars &#8211; LU-MA &amp; JE-VE 17h00-19h00 \/ ME 14h00-17h00 Entr\u00e9e Libre...<\/p>\n\t\t\t\t\t<\/div>\n\t\t<div class=\"eltd-item-info-section\">\n\t\t\t<div class=\"eltd-post-info-date\">\n\t\t<span class=\"eltd-post-date-month\">\n\t\tF\u00e9v\t<\/span>\n\t<span class=\"eltd-post-date-day-year\">\n\t\t<span class=\"eltd-post-date-day\">\n\t\t\t28\t\t<\/span>\n\t\t<span class=\"eltd-post-date-year\">\n\t\t\t2026\t\t<\/span>\n\t<\/span>\n\t<\/div><div class=\"eltd-post-info-author\"><a class=\"eltd-post-info-author-link\" href=\"https:\/\/ardem.ch\/fr\/author\/christian\/\">Christian Castricone<\/a><\/div>\n<div class=\"eltd-post-info-category\"><a href=\"https:\/\/ardem.ch\/fr\/fr\/category\/actualite\/\" rel=\"category tag\">Actualit\u00e9s<\/a><\/div>\t\t<\/div>\n\t<\/div>\t\n<\/li><li class=\"eltd-blog-list-item eltd-blog-list-masonry-item\">\n\t<div class=\"eltd-blog-list-item-inner\">\n\t\t<div class=\"eltd-item-image clearfix\">\n\t\t\t<a href=\"https:\/\/ardem.ch\/fr\/fr\/bonne-nouvelle-lecole-montessori-vevey-obtient-a-nouveau-la-certification-qsc\/\">\n\t\t\t\t<img loading=\"lazy\" decoding=\"async\" width=\"800\" height=\"600\" src=\"https:\/\/ardem.ch\/wp-content\/uploads\/2025\/10\/Montessori_Vevey_nouvelleclasse_2025.jpg\" class=\"attachment-full size-full wp-post-image\" alt=\"\" srcset=\"https:\/\/ardem.ch\/wp-content\/uploads\/2025\/10\/Montessori_Vevey_nouvelleclasse_2025.jpg 800w, https:\/\/ardem.ch\/wp-content\/uploads\/2025\/10\/Montessori_Vevey_nouvelleclasse_2025-300x225.jpg 300w, https:\/\/ardem.ch\/wp-content\/uploads\/2025\/10\/Montessori_Vevey_nouvelleclasse_2025-768x576.jpg 768w\" sizes=\"auto, (max-width: 800px) 100vw, 800px\" \/>\t\t\t\t\n\t\t\t<\/a>\n\t\t<\/div>\t\n\t\t<div class=\"eltd-item-text-holder\">\n\t\t\t<h6 class=\"eltd-item-title \">\n\t\t\t\t<a href=\"https:\/\/ardem.ch\/fr\/fr\/bonne-nouvelle-lecole-montessori-vevey-obtient-a-nouveau-la-certification-qsc\/\" >\n\t\t\t\t\tBonne nouvelle &#8211; L&rsquo;\u00e9cole Montessori Vevey obtient \u00e0 nouveau la certification QSC\t\t\t\t<\/a>\n\t\t\t<\/h6>\n\t\t\t\t\t\t\t<p class=\"eltd-excerpt\">L\u2019\u00e9cole Montessori Vevey, un de nos \u00e9tablissements membres, a cette ann\u00e9e encore obtenu avec succ\u00e8s la certification Quality School&nbsp;Certifi...<\/p>\n\t\t\t\t\t<\/div>\n\t\t<div class=\"eltd-item-info-section\">\n\t\t\t<div class=\"eltd-post-info-date\">\n\t\t<span class=\"eltd-post-date-month\">\n\t\tNov\t<\/span>\n\t<span class=\"eltd-post-date-day-year\">\n\t\t<span class=\"eltd-post-date-day\">\n\t\t\t22\t\t<\/span>\n\t\t<span class=\"eltd-post-date-year\">\n\t\t\t2025\t\t<\/span>\n\t<\/span>\n\t<\/div><div class=\"eltd-post-info-author\"><a class=\"eltd-post-info-author-link\" href=\"https:\/\/ardem.ch\/fr\/author\/christian\/\">Christian Castricone<\/a><\/div>\n<div class=\"eltd-post-info-category\"><a href=\"https:\/\/ardem.ch\/fr\/fr\/category\/actualite\/\" rel=\"category tag\">Actualit\u00e9s<\/a><\/div>\t\t<\/div>\n\t<\/div>\t\n<\/li><li class=\"eltd-blog-list-item eltd-blog-list-masonry-item\">\n\t<div class=\"eltd-blog-list-item-inner\">\n\t\t<div class=\"eltd-item-image clearfix\">\n\t\t\t<a href=\"https:\/\/ardem.ch\/fr\/en\/news-the-french-part-of-the-conference-is-also-going-to-be-translate-in-english\/\">\n\t\t\t\t<img loading=\"lazy\" decoding=\"async\" width=\"960\" height=\"1387\" src=\"https:\/\/ardem.ch\/wp-content\/uploads\/2023\/11\/FLYER-CONF-SITE-ARDEM-NEW-1-2-pdf.jpg\" class=\"attachment-full size-full wp-post-image\" alt=\"\" \/>\t\t\t\t\n\t\t\t<\/a>\n\t\t<\/div>\t\n\t\t<div class=\"eltd-item-text-holder\">\n\t\t\t<h6 class=\"eltd-item-title \">\n\t\t\t\t<a href=\"https:\/\/ardem.ch\/fr\/en\/news-the-french-part-of-the-conference-is-also-going-to-be-translate-in-english\/\" >\n\t\t\t\t\tEDUCATIONAL CHALLENGES: WHAT SCIENCE HAS TO SAY,\u00a0how and why pedagogy shapes the development of thought.\t\t\t\t<\/a>\n\t\t\t<\/h6>\n\t\t\t\t\t\t\t<p class=\"eltd-excerpt\">Simultaneous interpretation will be provided throughout the conference from English to French and from French to English Download the flyer...<\/p>\n\t\t\t\t\t<\/div>\n\t\t<div class=\"eltd-item-info-section\">\n\t\t\t<div class=\"eltd-post-info-date\">\n\t\t<span class=\"eltd-post-date-month\">\n\t\tNov\t<\/span>\n\t<span class=\"eltd-post-date-day-year\">\n\t\t<span class=\"eltd-post-date-day\">\n\t\t\t02\t\t<\/span>\n\t\t<span class=\"eltd-post-date-year\">\n\t\t\t2023\t\t<\/span>\n\t<\/span>\n\t<\/div><div class=\"eltd-post-info-author\"><a class=\"eltd-post-info-author-link\" href=\"https:\/\/ardem.ch\/fr\/author\/christian\/\">Christian Castricone<\/a><\/div>\n<div class=\"eltd-post-info-category\"><a href=\"https:\/\/ardem.ch\/fr\/en\/category\/non-classe-en\/\" rel=\"category tag\">Non class\u00e9<\/a><\/div>\t\t<\/div>\n\t<\/div>\t\n<\/li><li class=\"eltd-blog-list-item eltd-blog-list-masonry-item\">\n\t<div class=\"eltd-blog-list-item-inner\">\n\t\t<div class=\"eltd-item-image clearfix\">\n\t\t\t<a href=\"https:\/\/ardem.ch\/fr\/fr\/les-defis-pedagogiques-ce-que-dit-la-science-2\/\">\n\t\t\t\t<img loading=\"lazy\" decoding=\"async\" width=\"960\" height=\"1387\" src=\"https:\/\/ardem.ch\/wp-content\/uploads\/2023\/11\/FLYER-CONF-SITE-ARDEM-NEW-1-1-pdf.jpg\" class=\"attachment-full size-full wp-post-image\" alt=\"\" \/>\t\t\t\t\n\t\t\t<\/a>\n\t\t<\/div>\t\n\t\t<div class=\"eltd-item-text-holder\">\n\t\t\t<h6 class=\"eltd-item-title \">\n\t\t\t\t<a href=\"https:\/\/ardem.ch\/fr\/fr\/les-defis-pedagogiques-ce-que-dit-la-science-2\/\" >\n\t\t\t\t\tLES D\u00c9FIS P\u00c9DAGOGIQUES : CE QUE DIT LA SCIENCE\t\t\t\t<\/a>\n\t\t\t<\/h6>\n\t\t\t\t\t\t\t<p class=\"eltd-excerpt\">LES D\u00c9FIS P\u00c9DAGOGIQUES: CE QUE DIT LA SCIENCE &#8211; COMMENT ET POURQUOI LA P\u00c9DAGOGIE FA\u00c7ONNE LE D\u00c9VELOPPEMENT DE LA PENS\u00c9E. T\u00e9l\u00e9charger le f...<\/p>\n\t\t\t\t\t<\/div>\n\t\t<div class=\"eltd-item-info-section\">\n\t\t\t<div class=\"eltd-post-info-date\">\n\t\t<span class=\"eltd-post-date-month\">\n\t\tNov\t<\/span>\n\t<span class=\"eltd-post-date-day-year\">\n\t\t<span class=\"eltd-post-date-day\">\n\t\t\t02\t\t<\/span>\n\t\t<span class=\"eltd-post-date-year\">\n\t\t\t2023\t\t<\/span>\n\t<\/span>\n\t<\/div><div class=\"eltd-post-info-author\"><a class=\"eltd-post-info-author-link\" href=\"https:\/\/ardem.ch\/fr\/author\/christian\/\">Christian Castricone<\/a><\/div>\n<div class=\"eltd-post-info-category\"><a href=\"https:\/\/ardem.ch\/fr\/fr\/category\/actualite\/\" rel=\"category tag\">Actualit\u00e9s<\/a><\/div>\t\t<\/div>\n\t<\/div>\t\n<\/li><li class=\"eltd-blog-list-item eltd-blog-list-masonry-item\">\n\t<div class=\"eltd-blog-list-item-inner\">\n\t\t<div class=\"eltd-item-image clearfix\">\n\t\t\t<a href=\"https:\/\/ardem.ch\/fr\/en\/actualites-scientifiques\/\">\n\t\t\t\t<img loading=\"lazy\" decoding=\"async\" width=\"1183\" height=\"662\" src=\"https:\/\/ardem.ch\/wp-content\/uploads\/2019\/01\/Conf\u00e9rence-Solange-Denervaux.jpg\" class=\"attachment-full size-full wp-post-image\" alt=\"\" srcset=\"https:\/\/ardem.ch\/wp-content\/uploads\/2019\/01\/Conf\u00e9rence-Solange-Denervaux.jpg 1183w, https:\/\/ardem.ch\/wp-content\/uploads\/2019\/01\/Conf\u00e9rence-Solange-Denervaux-300x168.jpg 300w, https:\/\/ardem.ch\/wp-content\/uploads\/2019\/01\/Conf\u00e9rence-Solange-Denervaux-768x430.jpg 768w, https:\/\/ardem.ch\/wp-content\/uploads\/2019\/01\/Conf\u00e9rence-Solange-Denervaux-1024x573.jpg 1024w\" sizes=\"auto, (max-width: 1183px) 100vw, 1183px\" \/>\t\t\t\t\n\t\t\t<\/a>\n\t\t<\/div>\t\n\t\t<div class=\"eltd-item-text-holder\">\n\t\t\t<h6 class=\"eltd-item-title \">\n\t\t\t\t<a href=\"https:\/\/ardem.ch\/fr\/en\/actualites-scientifiques\/\" >\n\t\t\t\t\tActualit\u00e9s scientifiques\t\t\t\t<\/a>\n\t\t\t<\/h6>\n\t\t\t\t\t\t\t<p class=\"eltd-excerpt\">Video: Solange&nbsp;Denervaud, Montessori \u00e0 la lumi\u00e8re des d\u00e9couvertes scientifiques actuelles, Conf\u00e9rence donn\u00e9e \u00e0 La Sorbonne, Paris, 2018. VO...<\/p>\n\t\t\t\t\t<\/div>\n\t\t<div class=\"eltd-item-info-section\">\n\t\t\t<div class=\"eltd-post-info-date\">\n\t\t<span class=\"eltd-post-date-month\">\n\t\tMar\t<\/span>\n\t<span class=\"eltd-post-date-day-year\">\n\t\t<span class=\"eltd-post-date-day\">\n\t\t\t04\t\t<\/span>\n\t\t<span class=\"eltd-post-date-year\">\n\t\t\t2022\t\t<\/span>\n\t<\/span>\n\t<\/div><div class=\"eltd-post-info-author\"><a class=\"eltd-post-info-author-link\" href=\"https:\/\/ardem.ch\/fr\/author\/tresorier\/\">Patrick Mermoud<\/a><\/div>\n<div class=\"eltd-post-info-category\"><a href=\"https:\/\/ardem.ch\/fr\/en\/category\/non-classe-en\/\" rel=\"category tag\">Non class\u00e9<\/a><\/div>\t\t<\/div>\n\t<\/div>\t\n<\/li><li class=\"eltd-blog-list-item eltd-blog-list-masonry-item\">\n\t<div class=\"eltd-blog-list-item-inner\">\n\t\t<div class=\"eltd-item-image clearfix\">\n\t\t\t<a href=\"https:\/\/ardem.ch\/fr\/fr\/reportage-rts-1930-26-08-2021\/\">\n\t\t\t\t<img loading=\"lazy\" decoding=\"async\" width=\"1272\" height=\"714\" src=\"https:\/\/ardem.ch\/wp-content\/uploads\/2021\/11\/9C9CF25D-25D4-4A95-9F9C-7BDD6300DE19.jpeg\" class=\"attachment-full size-full wp-post-image\" alt=\"\" srcset=\"https:\/\/ardem.ch\/wp-content\/uploads\/2021\/11\/9C9CF25D-25D4-4A95-9F9C-7BDD6300DE19.jpeg 1272w, https:\/\/ardem.ch\/wp-content\/uploads\/2021\/11\/9C9CF25D-25D4-4A95-9F9C-7BDD6300DE19-300x168.jpeg 300w, https:\/\/ardem.ch\/wp-content\/uploads\/2021\/11\/9C9CF25D-25D4-4A95-9F9C-7BDD6300DE19-1024x575.jpeg 1024w, https:\/\/ardem.ch\/wp-content\/uploads\/2021\/11\/9C9CF25D-25D4-4A95-9F9C-7BDD6300DE19-768x431.jpeg 768w\" sizes=\"auto, (max-width: 1272px) 100vw, 1272px\" \/>\t\t\t\t\n\t\t\t<\/a>\n\t\t<\/div>\t\n\t\t<div class=\"eltd-item-text-holder\">\n\t\t\t<h6 class=\"eltd-item-title \">\n\t\t\t\t<a href=\"https:\/\/ardem.ch\/fr\/fr\/reportage-rts-1930-26-08-2021\/\" >\n\t\t\t\t\tReportage RTS 19:30 &#8211; 26.08.2021\t\t\t\t<\/a>\n\t\t\t<\/h6>\n\t\t\t\t\t\t\t<p class=\"eltd-excerpt\">&gt; VISIONER ICI...<\/p>\n\t\t\t\t\t<\/div>\n\t\t<div class=\"eltd-item-info-section\">\n\t\t\t<div class=\"eltd-post-info-date\">\n\t\t<span class=\"eltd-post-date-month\">\n\t\tNov\t<\/span>\n\t<span class=\"eltd-post-date-day-year\">\n\t\t<span class=\"eltd-post-date-day\">\n\t\t\t24\t\t<\/span>\n\t\t<span class=\"eltd-post-date-year\">\n\t\t\t2021\t\t<\/span>\n\t<\/span>\n\t<\/div><div class=\"eltd-post-info-author\"><a class=\"eltd-post-info-author-link\" href=\"https:\/\/ardem.ch\/fr\/author\/christian\/\">Christian Castricone<\/a><\/div>\n<div class=\"eltd-post-info-category\"><a href=\"https:\/\/ardem.ch\/fr\/fr\/category\/actualite\/\" rel=\"category tag\">Actualit\u00e9s<\/a><\/div>\t\t<\/div>\n\t<\/div>\t\n<\/li>\t<\/ul>\t\n<\/div>\n[\/vc_column][\/vc_row][vc_row row_type=\u00a0\u00bbrow\u00a0\u00bb content_width=\u00a0\u00bbgrid\u00a0\u00bb anchor=\u00a0\u00bb\u00a0\u00bb content_aligment=\u00a0\u00bbleft\u00a0\u00bb css_animation=\u00a0\u00bb\u00a0\u00bb][vc_column][\/vc_column][\/vc_row]<\/p>\n","protected":false},"excerpt":{"rendered":"<p>[vc_row row_type=\u00a0\u00bbparallax\u00a0\u00bb content_width=\u00a0\u00bbgrid\u00a0\u00bb anchor=\u00a0\u00bb\u00a0\u00bb bottom_triangle=\u00a0\u00bbno\u00a0\u00bb content_aligment=\u00a0\u00bbcenter\u00a0\u00bb full_screen_section_height=\u00a0\u00bbno\u00a0\u00bb section_height=\u00a0\u00bb414&Prime; parallax_speed=\u00a0\u00bb0.8&Prime;][vc_column width=\u00a0\u00bb2\/3&Prime; offset=\u00a0\u00bbvc_col-lg-offset-2 vc_col-lg-8 vc_col-md-offset-2 vc_col-md-8 vc_col-sm-offset-2&Prime;][vc_empty_space height=\u00a0\u00bb70&Prime;][vc_empty_space height=\u00a0\u00bb30px\u00a0\u00bb][vc_empty_space height=\u00a0\u00bb30px\u00a0\u00bb][\/vc_column][\/vc_row][vc_row row_type=\u00a0\u00bbparallax\u00a0\u00bb content_width=\u00a0\u00bbgrid\u00a0\u00bb anchor=\u00a0\u00bb\u00a0\u00bb bottom_triangle=\u00a0\u00bbno\u00a0\u00bb content_aligment=\u00a0\u00bbcenter\u00a0\u00bb full_screen_section_height=\u00a0\u00bbno\u00a0\u00bb section_height=\u00a0\u00bb200&Prime; parallax_speed=\u00a0\u00bb0.8&Prime;][vc_column width=\u00a0\u00bb1\/6&Prime;][\/vc_column][vc_column width=\u00a0\u00bb2\/3&Prime;][vc_empty_space height=\u00a0\u00bb100&Prime;][\/vc_column][vc_column width=\u00a0\u00bb1\/6&Prime;][\/vc_column][\/vc_row][vc_row row_type=\u00a0\u00bbrow\u00a0\u00bb content_width=\u00a0\u00bbgrid\u00a0\u00bb anchor=\u00a0\u00bb\u00a0\u00bb content_aligment=\u00a0\u00bbleft\u00a0\u00bb css_animation=\u00a0\u00bb\u00a0\u00bb][vc_column][\/vc_column][\/vc_row][vc_row row_type=\u00a0\u00bbrow\u00a0\u00bb content_width=\u00a0\u00bbgrid\u00a0\u00bb anchor=\u00a0\u00bb\u00a0\u00bb content_aligment=\u00a0\u00bbleft\u00a0\u00bb css_animation=\u00a0\u00bb\u00a0\u00bb][vc_column][\/vc_column][\/vc_row]<\/p>\n","protected":false},"author":5,"featured_media":0,"parent":0,"menu_order":0,"comment_status":"closed","ping_status":"closed","template":"full-width.php","meta":{"footnotes":""},"class_list":["post-31494","page","type-page","status-publish","hentry"],"_links":{"self":[{"href":"https:\/\/ardem.ch\/fr\/wp-json\/wp\/v2\/pages\/31494","targetHints":{"allow":["GET"]}}],"collection":[{"href":"https:\/\/ardem.ch\/fr\/wp-json\/wp\/v2\/pages"}],"about":[{"href":"https:\/\/ardem.ch\/fr\/wp-json\/wp\/v2\/types\/page"}],"author":[{"embeddable":true,"href":"https:\/\/ardem.ch\/fr\/wp-json\/wp\/v2\/users\/5"}],"replies":[{"embeddable":true,"href":"https:\/\/ardem.ch\/fr\/wp-json\/wp\/v2\/comments?post=31494"}],"version-history":[{"count":23,"href":"https:\/\/ardem.ch\/fr\/wp-json\/wp\/v2\/pages\/31494\/revisions"}],"predecessor-version":[{"id":32052,"href":"https:\/\/ardem.ch\/fr\/wp-json\/wp\/v2\/pages\/31494\/revisions\/32052"}],"wp:attachment":[{"href":"https:\/\/ardem.ch\/fr\/wp-json\/wp\/v2\/media?parent=31494"}],"curies":[{"name":"wp","href":"https:\/\/api.w.org\/{rel}","templated":true}]}}