{"id":31934,"date":"2022-03-04T16:52:22","date_gmt":"2022-03-04T15:52:22","guid":{"rendered":"https:\/\/ardem.ch\/fr\/?page_id=31934"},"modified":"2023-02-22T08:29:05","modified_gmt":"2023-02-22T07:29:05","slug":"montessori-vevey-school","status":"publish","type":"page","link":"https:\/\/ardem.ch\/fr\/en\/montessori-vevey-school\/","title":{"rendered":"MONTESSORI VEVEY SCHOOL"},"content":{"rendered":"<p>[vc_row row_type=\u00a0\u00bbparallax\u00a0\u00bb content_width=\u00a0\u00bbgrid\u00a0\u00bb anchor=\u00a0\u00bb\u00a0\u00bb bottom_triangle=\u00a0\u00bbno\u00a0\u00bb content_aligment=\u00a0\u00bbleft\u00a0\u00bb full_screen_section_height=\u00a0\u00bbno\u00a0\u00bb section_height=\u00a0\u00bb430&Prime; parallax_background_image=\u00a0\u00bb3294&Prime; parallax_speed=\u00a0\u00bb\u00a0\u00bb][vc_column offset=\u00a0\u00bbvc_col-lg-offset-0 vc_col-lg-6 vc_col-md-offset-0 vc_col-md-6 vc_col-sm-offset-0&Prime;][vc_empty_space height=\u00a0\u00bb20&Prime;][vc_single_image image=\u00a0\u00bb30009&Prime; img_size=\u00a0\u00bbfull\u00a0\u00bb css_animation=\u00a0\u00bbtop-to-bottom\u00a0\u00bb][vc_empty_space height=\u00a0\u00bb40px\u00a0\u00bb][vc_column_text]<\/p>\n<h2><span style=\"color: #ffffff;\">Some Facts<\/span><\/h2>\n<p>[\/vc_column_text][\/vc_column][vc_column offset=\u00a0\u00bbvc_col-lg-offset-0 vc_col-lg-6 vc_col-md-offset-0 vc_col-md-6 vc_col-sm-offset-0&Prime;][vc_empty_space height=\u00a0\u00bb20&Prime;][vc_single_image image=\u00a0\u00bb30043&Prime; img_size=\u00a0\u00bbmedium\u00a0\u00bb][vc_empty_space][vc_column_text]11 rue de l&rsquo;Union<br \/>\n1800 Vevey<\/p>\n<p>T\u00e9l.\u00a0 021 923 72 63<br \/>\nEmail\u00a0 \u00a0info@montessorivevey.com<br \/>\nSite web\u00a0\u00a0 <a href=\"http:\/\/www.montessori-vevey.ch\" target=\"_blank\" rel=\"noopener noreferrer\">www.montessori-vevey.ch<\/a><\/p>\n<p>Since : 1999<\/p>\n<p>&nbsp;<\/p>\n<p>Age range of students :<br \/>\n3-6<br \/>\n6-12<br \/>\n12-16<\/p>\n<p>&nbsp;<\/p>\n<p>Continuous day :<br \/>\npossibility of a continuous timetable with lunch (8 am to 6.15 pm).<br \/>\nStudy room available for secondary students.<\/p>\n<p>&nbsp;<\/p>\n<p>Language(s) of instruction: French (English possible if needed)<\/p>\n<p>&nbsp;<\/p>\n<p>Particularity: two of its founding members were students of the first Montessori school in French-speaking Switzerland<\/p>\n<p>&nbsp;<\/p>\n<p>Certification QSC (Quality School Certificate)<\/p>\n<p>&nbsp;<\/p>\n<p>l\u2019AVDEP and FSEP member[\/vc_column_text][vc_empty_space height=\u00a0\u00bb50&Prime;][\/vc_column][\/vc_row][vc_row row_type=\u00a0\u00bbrow\u00a0\u00bb content_width=\u00a0\u00bbfull-width\u00a0\u00bb anchor=\u00a0\u00bb\u00a0\u00bb content_aligment=\u00a0\u00bbleft\u00a0\u00bb css_animation=\u00a0\u00bb\u00a0\u00bb][vc_column]<div class=\"eltd-elements-holder eltd-two-columns eltd-responsive-mode-768\" ><div class=\"eltd-elements-holder-item eltd-fade-in-down\" style=\"background-color: #002749;transition-delay:200ms;-webkit-transition-delay:200ms\">\n\t<div class=\"eltd-elements-holder-item-inner\">\n\t\t<div class=\"eltd-elements-holder-item-content eltd-elements-holder-custom-689147\" style=\"padding: 10% 25% 10% 30%\">\n\t\t\t\t\t\t<style type=\"text\/css\" data-type=\"eltd-elements-custom-padding\" scoped>\n\t\t\t\t\t\t\t\t\t@media only screen and (min-width: 1024px) and (max-width: 1280px) {\n\t\t\t\t\t\t.eltd-elements-holder .eltd-elements-holder-item-content.eltd-elements-holder-custom-689147 {\n\t\t\t\t\t\t\tpadding: 10% 15% 10% 20% !important;\n\t\t\t\t\t\t}\n\t\t\t\t\t}\n\t\t\t\t\t\t\t\t\t\t\t\t@media only screen and (min-width: 768px) and (max-width: 1024px) {\n\t\t\t\t\t.eltd-elements-holder .eltd-elements-holder-item-content.eltd-elements-holder-custom-689147 {\n\t\t\t\t\t\tpadding: 50px 50px 50px 50px !important;\n\t\t\t\t\t}\n\t\t\t\t}\n\t\t\t\t\t\t\t\t\t\t\t\t@media only screen and (min-width: 600px) and (max-width: 768px) {\n\t\t\t\t\t.eltd-elements-holder .eltd-elements-holder-item-content.eltd-elements-holder-custom-689147 {\n\t\t\t\t\t\tpadding: 50px 50px 50px 50px !important;\n\t\t\t\t\t}\n\t\t\t\t}\n\t\t\t\t\t\t\t\t\t\t\t\t@media only screen and (min-width: 480px) and (max-width: 600px) {\n\t\t\t\t\t.eltd-elements-holder .eltd-elements-holder-item-content.eltd-elements-holder-custom-689147 {\n\t\t\t\t\t\tpadding: 50px 50px 50px 50px !important;\n\t\t\t\t\t}\n\t\t\t\t}\n\t\t\t\t\t\t\t\t\t\t\t\t@media only screen and (max-width: 480px) {\n\t\t\t\t\t.eltd-elements-holder .eltd-elements-holder-item-content.eltd-elements-holder-custom-689147 {\n\t\t\t\t\t\tpadding: 25px 50px 25px 50px !important;\n\t\t\t\t\t}\n\t\t\t\t}\n\t\t\t\t\t\t\t\t<\/style>\n\t\t\t\t\t\t[vc_empty_space height=\u00a0\u00bb6&Prime;][vc_column_text]<span style=\"color: #ffffff;\">Notre \u00e9cole accueille les \u00e9l\u00e8ves depuis le pr\u00e9scolaire (3 ans) jusqu\u2019aux portes de l\u2019universit\u00e9. Les \u00e9l\u00e8ves de 3 \u00e0 12 ans suivent un programme Montessori traditionnel. Le cursus secondaire est enrichi et participatif. Il peut \u00eatre poursuivi jusqu\u2019\u00e0 inclure la pr\u00e9paration \u00e0 la Maturit\u00e9 suisse.<\/span><\/p>\n<p><span style=\"color: #ffffff;\">Plusieurs demandes et situations nous ont amen\u00e9s \u00e0 d\u00e9velopper des comp\u00e9tences dans l\u2019accompagnement <strong>d\u2019enfants \u00e0 haut potentiel<\/strong>. Notre sensibilit\u00e9 \u00e0 cette sp\u00e9cificit\u00e9 et notre approche p\u00e9dagogique conviennent bien \u00e0 ces \u00e9l\u00e8ves, leur permettant de participer pleinement \u00e0 la classe par un programme diversifi\u00e9, enrichi et approfondi.<\/span>[\/vc_column_text][vc_empty_space height=\u00a0\u00bb44&Prime;]<a href=\"http:\/\/montessori-vevey.ch\/\" target=\"_blank\" style=\"color: #ffffff;font-weight: 700\" class=\"eltd-btn eltd-btn-medium eltd-btn-outline\"  >\n    <span class=\"eltd-btn-text\">Lien sur le site<\/span>\n    <\/a>\t\t<\/div>\n\t<\/div>\n<\/div><div class=\"eltd-elements-holder-item eltd-horizontal-alignment-center\" style=\"background-image: url(https:\/\/ardem.ch\/wp-content\/uploads\/2019\/08\/vevey1.jpg)\">\n\t<div class=\"eltd-elements-holder-item-inner\">\n\t\t<div class=\"eltd-elements-holder-item-content eltd-elements-holder-custom-318453\" style=\"padding: 0 0 0 0\">\n\t\t\t\t\t\t<style type=\"text\/css\" data-type=\"eltd-elements-custom-padding\" scoped>\n\t\t\t\t\t\t\t\t\t@media only screen and (min-width: 1024px) and (max-width: 1280px) {\n\t\t\t\t\t\t.eltd-elements-holder .eltd-elements-holder-item-content.eltd-elements-holder-custom-318453 {\n\t\t\t\t\t\t\tpadding:  !important;\n\t\t\t\t\t\t}\n\t\t\t\t\t}\n\t\t\t\t\t\t\t\t\t\t\t\t@media only screen and (min-width: 768px) and (max-width: 1024px) {\n\t\t\t\t\t.eltd-elements-holder .eltd-elements-holder-item-content.eltd-elements-holder-custom-318453 {\n\t\t\t\t\t\tpadding: 50px 50px 50px 50px !important;\n\t\t\t\t\t}\n\t\t\t\t}\n\t\t\t\t\t\t\t\t\t\t\t\t@media only screen and (min-width: 600px) and (max-width: 768px) {\n\t\t\t\t\t.eltd-elements-holder .eltd-elements-holder-item-content.eltd-elements-holder-custom-318453 {\n\t\t\t\t\t\tpadding:  !important;\n\t\t\t\t\t}\n\t\t\t\t}\n\t\t\t\t\t\t\t\t\t\t\t\t@media only screen and (min-width: 480px) and (max-width: 600px) {\n\t\t\t\t\t.eltd-elements-holder .eltd-elements-holder-item-content.eltd-elements-holder-custom-318453 {\n\t\t\t\t\t\tpadding:  !important;\n\t\t\t\t\t}\n\t\t\t\t}\n\t\t\t\t\t\t\t\t\t\t\t\t@media only screen and (max-width: 480px) {\n\t\t\t\t\t.eltd-elements-holder .eltd-elements-holder-item-content.eltd-elements-holder-custom-318453 {\n\t\t\t\t\t\tpadding:  !important;\n\t\t\t\t\t}\n\t\t\t\t}\n\t\t\t\t\t\t\t\t<\/style>\n\t\t\t\t\t\t[vc_empty_space height=\u00a0\u00bb200px\u00a0\u00bb]\t\t<\/div>\n\t<\/div>\n<\/div><\/div>[\/vc_column][\/vc_row][vc_row row_type=\u00a0\u00bbrow\u00a0\u00bb content_width=\u00a0\u00bbfull-width\u00a0\u00bb anchor=\u00a0\u00bb\u00a0\u00bb content_aligment=\u00a0\u00bbleft\u00a0\u00bb css_animation=\u00a0\u00bb\u00a0\u00bb][vc_column]<div class=\"eltd-google-map-holder\">\n\t<div class=\"eltd-google-map\" id=\"eltd-map-1407850\" data-addresses='[\"11, rue de l&#039;Union, 1800 Vevey\"]' data-custom-map-style=true data-color-overlay=#393939 data-saturation=-500 data-lightness=0 data-zoom=15 data-pin=https:\/\/ardem.ch\/wp-content\/uploads\/2019\/08\/pin-violet.png data-unique-id=1407850 data-scroll-wheel=false data-height=470><\/div>\n\t\t\t<div class=\"eltd-google-map-overlay\"><\/div>\n\t<\/div>\n[\/vc_column][\/vc_row][vc_row row_type=\u00a0\u00bbparallax\u00a0\u00bb content_width=\u00a0\u00bbgrid\u00a0\u00bb anchor=\u00a0\u00bb\u00a0\u00bb bottom_triangle=\u00a0\u00bbyes\u00a0\u00bb content_aligment=\u00a0\u00bbcenter\u00a0\u00bb full_screen_section_height=\u00a0\u00bbno\u00a0\u00bb section_height=\u00a0\u00bb200&Prime; parallax_background_image=\u00a0\u00bb3994&Prime; parallax_speed=\u00a0\u00bb0.8&Prime; css=\u00a0\u00bb.vc_custom_1567110566752{background-color: #fccd4f !important;}\u00a0\u00bb][vc_column offset=\u00a0\u00bbvc_col-lg-offset-2 vc_col-lg-8 vc_col-md-offset-2 vc_col-md-8&Prime;][vc_empty_space height=\u00a0\u00bb35&Prime;]<div class=\"eltd-section-title-outer-holder animate\" style=\"text-align: center\">\n\t<div class=\"eltd-section-title-subtitle-holder\">\n\t\t<h3 class=\"eltd-section-subtitle\" style=\";\"><\/h3>\n\t<\/div>\n\t<div class=\"eltd-section-title-holder\">\n\t\t<h2 class=\"eltd-section-title\" style=\";\">Nos classes<\/h2>\n\t<\/div>\n<\/div>[vc_empty_space height=\u00a0\u00bb85&Prime;][\/vc_column][\/vc_row][vc_row row_type=\u00a0\u00bbrow\u00a0\u00bb content_width=\u00a0\u00bbgrid\u00a0\u00bb anchor=\u00a0\u00bb\u00a0\u00bb content_aligment=\u00a0\u00bbleft\u00a0\u00bb css_animation=\u00a0\u00bb\u00a0\u00bb css=\u00a0\u00bb.vc_custom_1446634956761{padding-top: 54px !important;padding-bottom: 100px !important;}\u00a0\u00bb][vc_column]<div class=\"eltd-elements-holder eltd-two-columns eltd-responsive-mode-768\" ><div class=\"eltd-elements-holder-item eltd-vertical-alignment-top\" >\n\t<div class=\"eltd-elements-holder-item-inner\">\n\t\t<div class=\"eltd-elements-holder-item-content eltd-elements-holder-custom-343285\" style=\"padding: 23px 15px 0 0\">\n\t\t\t\t\t\t<style type=\"text\/css\" data-type=\"eltd-elements-custom-padding\" scoped>\n\t\t\t\t\t\t\t\t\t@media only screen and (min-width: 1024px) and (max-width: 1280px) {\n\t\t\t\t\t\t.eltd-elements-holder .eltd-elements-holder-item-content.eltd-elements-holder-custom-343285 {\n\t\t\t\t\t\t\tpadding: 0 0 0 0 !important;\n\t\t\t\t\t\t}\n\t\t\t\t\t}\n\t\t\t\t\t\t\t\t\t\t\t\t@media only screen and (min-width: 768px) and (max-width: 1024px) {\n\t\t\t\t\t.eltd-elements-holder .eltd-elements-holder-item-content.eltd-elements-holder-custom-343285 {\n\t\t\t\t\t\tpadding: 0 0 0 0 !important;\n\t\t\t\t\t}\n\t\t\t\t}\n\t\t\t\t\t\t\t\t\t\t\t\t@media only screen and (min-width: 600px) and (max-width: 768px) {\n\t\t\t\t\t.eltd-elements-holder .eltd-elements-holder-item-content.eltd-elements-holder-custom-343285 {\n\t\t\t\t\t\tpadding: 0 0 0 0 !important;\n\t\t\t\t\t}\n\t\t\t\t}\n\t\t\t\t\t\t\t\t\t\t\t\t@media only screen and (min-width: 480px) and (max-width: 600px) {\n\t\t\t\t\t.eltd-elements-holder .eltd-elements-holder-item-content.eltd-elements-holder-custom-343285 {\n\t\t\t\t\t\tpadding: 0 0 0 0 !important;\n\t\t\t\t\t}\n\t\t\t\t}\n\t\t\t\t\t\t\t\t\t\t\t\t@media only screen and (max-width: 480px) {\n\t\t\t\t\t.eltd-elements-holder .eltd-elements-holder-item-content.eltd-elements-holder-custom-343285 {\n\t\t\t\t\t\tpadding: 0 0 0 0 !important;\n\t\t\t\t\t}\n\t\t\t\t}\n\t\t\t\t\t\t\t\t<\/style>\n\t\t\t\t\t\t[vc_single_image image=\u00a0\u00bb30136&Prime; img_size=\u00a0\u00bbfull\u00a0\u00bb]\t\t<\/div>\n\t<\/div>\n<\/div><div class=\"eltd-elements-holder-item \" >\n\t<div class=\"eltd-elements-holder-item-inner\">\n\t\t<div class=\"eltd-elements-holder-item-content eltd-elements-holder-custom-270490\" style=\"padding: 0 0 0 85px\">\n\t\t\t\t\t\t<style type=\"text\/css\" data-type=\"eltd-elements-custom-padding\" scoped>\n\t\t\t\t\t\t\t\t\t@media only screen and (min-width: 1024px) and (max-width: 1280px) {\n\t\t\t\t\t\t.eltd-elements-holder .eltd-elements-holder-item-content.eltd-elements-holder-custom-270490 {\n\t\t\t\t\t\t\tpadding: 0px 0 0 40px !important;\n\t\t\t\t\t\t}\n\t\t\t\t\t}\n\t\t\t\t\t\t\t\t\t\t\t\t@media only screen and (min-width: 768px) and (max-width: 1024px) {\n\t\t\t\t\t.eltd-elements-holder .eltd-elements-holder-item-content.eltd-elements-holder-custom-270490 {\n\t\t\t\t\t\tpadding: 80px 0 0 40px !important;\n\t\t\t\t\t}\n\t\t\t\t}\n\t\t\t\t\t\t\t\t\t\t\t\t@media only screen and (min-width: 600px) and (max-width: 768px) {\n\t\t\t\t\t.eltd-elements-holder .eltd-elements-holder-item-content.eltd-elements-holder-custom-270490 {\n\t\t\t\t\t\tpadding: 80px 0 0 0 !important;\n\t\t\t\t\t}\n\t\t\t\t}\n\t\t\t\t\t\t\t\t\t\t\t\t@media only screen and (min-width: 480px) and (max-width: 600px) {\n\t\t\t\t\t.eltd-elements-holder .eltd-elements-holder-item-content.eltd-elements-holder-custom-270490 {\n\t\t\t\t\t\tpadding: 80px 0 0 0 !important;\n\t\t\t\t\t}\n\t\t\t\t}\n\t\t\t\t\t\t\t\t\t\t\t\t@media only screen and (max-width: 480px) {\n\t\t\t\t\t.eltd-elements-holder .eltd-elements-holder-item-content.eltd-elements-holder-custom-270490 {\n\t\t\t\t\t\tpadding: 80px 0 0 0 !important;\n\t\t\t\t\t}\n\t\t\t\t}\n\t\t\t\t\t\t\t\t<\/style>\n\t\t\t\t\t\t<div class=\"eltd-section-title-outer-holder animate\" style=\"text-align: left\">\n\t<div class=\"eltd-section-title-subtitle-holder\">\n\t\t<h3 class=\"eltd-section-subtitle\" style=\";\"><\/h3>\n\t<\/div>\n\t<div class=\"eltd-section-title-holder\">\n\t\t<h2 class=\"eltd-section-title\" style=\"font-size: 40px;\">Montessori 3-6 ans<\/h2>\n\t<\/div>\n<\/div>[vc_empty_space height=\u00a0\u00bb16&Prime;][vc_column_text]La casa dei bambini (children&rsquo;s home) offers children a space for learning, discovery and socialisation. The specially prepared environment and the Montessori guidance allow the child to preserve the joy of learning and exploring, while developing their personalities in respect of others. The mix ages, the independence in the use of\u00a0materials and the autonomy are the cornerstones principles of the Montessori class 3-6 years.<\/p>\n<p>[\/vc_column_text][vc_empty_space height=\u00a0\u00bb63&Prime;]\t\t<\/div>\n\t<\/div>\n<\/div><div class=\"eltd-elements-holder-item \" >\n\t<div class=\"eltd-elements-holder-item-inner\">\n\t\t<div class=\"eltd-elements-holder-item-content eltd-elements-holder-custom-942666\" style=\"padding: 0 0 0 85px\">\n\t\t\t\t\t\t<style type=\"text\/css\" data-type=\"eltd-elements-custom-padding\" scoped>\n\t\t\t\t\t\t\t\t\t@media only screen and (min-width: 1024px) and (max-width: 1280px) {\n\t\t\t\t\t\t.eltd-elements-holder .eltd-elements-holder-item-content.eltd-elements-holder-custom-942666 {\n\t\t\t\t\t\t\tpadding: 0px 0 0 40px !important;\n\t\t\t\t\t\t}\n\t\t\t\t\t}\n\t\t\t\t\t\t\t\t\t\t\t\t@media only screen and (min-width: 768px) and (max-width: 1024px) {\n\t\t\t\t\t.eltd-elements-holder .eltd-elements-holder-item-content.eltd-elements-holder-custom-942666 {\n\t\t\t\t\t\tpadding: 80px 0 0 40px !important;\n\t\t\t\t\t}\n\t\t\t\t}\n\t\t\t\t\t\t\t\t\t\t\t\t@media only screen and (min-width: 600px) and (max-width: 768px) {\n\t\t\t\t\t.eltd-elements-holder .eltd-elements-holder-item-content.eltd-elements-holder-custom-942666 {\n\t\t\t\t\t\tpadding: 80px 0 0 0 !important;\n\t\t\t\t\t}\n\t\t\t\t}\n\t\t\t\t\t\t\t\t\t\t\t\t@media only screen and (min-width: 480px) and (max-width: 600px) {\n\t\t\t\t\t.eltd-elements-holder .eltd-elements-holder-item-content.eltd-elements-holder-custom-942666 {\n\t\t\t\t\t\tpadding: 80px 0 0 0 !important;\n\t\t\t\t\t}\n\t\t\t\t}\n\t\t\t\t\t\t\t\t\t\t\t\t@media only screen and (max-width: 480px) {\n\t\t\t\t\t.eltd-elements-holder .eltd-elements-holder-item-content.eltd-elements-holder-custom-942666 {\n\t\t\t\t\t\tpadding: 80px 0 0 0 !important;\n\t\t\t\t\t}\n\t\t\t\t}\n\t\t\t\t\t\t\t\t<\/style>\n\t\t\t\t\t\t<div class=\"eltd-section-title-outer-holder animate\" style=\"text-align: left\">\n\t<div class=\"eltd-section-title-subtitle-holder\">\n\t\t<h3 class=\"eltd-section-subtitle\" style=\";\"><\/h3>\n\t<\/div>\n\t<div class=\"eltd-section-title-holder\">\n\t\t<h2 class=\"eltd-section-title\" style=\"font-size: 40px;\">Montessori 6-12 ans<\/h2>\n\t<\/div>\n<\/div>[vc_empty_space height=\u00a0\u00bb16&Prime;][vc_column_text]This is the age of questions: why? how? what is the point? In this search for meaning, the use of the imagination is crucial. Montessori education nurtures the child&rsquo;s thinking by starting with the big picture. It provides a structure that allows the child&rsquo;s mind to focus on multiple topics of study that lead to a better understanding of the world. These range from the laws of physics to human societies, history, geography, mathematics and biology.[\/vc_column_text]\t\t<\/div>\n\t<\/div>\n<\/div><\/div>[\/vc_column][\/vc_row][vc_row row_type=\u00a0\u00bbparallax\u00a0\u00bb content_width=\u00a0\u00bbgrid\u00a0\u00bb anchor=\u00a0\u00bb\u00a0\u00bb bottom_triangle=\u00a0\u00bbyes\u00a0\u00bb content_aligment=\u00a0\u00bbleft\u00a0\u00bb full_screen_section_height=\u00a0\u00bbno\u00a0\u00bb section_height=\u00a0\u00bb\u00a0\u00bb parallax_background_image=\u00a0\u00bb3285&Prime; parallax_speed=\u00a0\u00bb0.8&Prime;][vc_column offset=\u00a0\u00bbvc_col-lg-offset-0 vc_col-lg-6 vc_col-md-offset-0 vc_col-md-6 vc_col-sm-offset-0&Prime;]<div class=\"eltd-section-title-outer-holder animate\" style=\"text-align: left\">\n\t<div class=\"eltd-section-title-subtitle-holder\">\n\t\t<h3 class=\"eltd-section-subtitle\" style=\";\"><\/h3>\n\t<\/div>\n\t<div class=\"eltd-section-title-holder\">\n\t\t<h2 class=\"eltd-section-title\" style=\";\">Voie secondaire<\/h2>\n\t<\/div>\n<\/div>[vc_empty_space height=\u00a0\u00bb35&Prime;][vc_column_text]Les adolescents qui suivent notre cursus scolaire savent s\u2019organiser, pr\u00e9parer leurs \u00e9tudes, s\u2019adapter et auto\u00e9valuer correctement la valeur de leur travail. En plus de leurs connaissances scolaires, ils acqui\u00e8rent assurance personnelle, comp\u00e9tences sociales et une v\u00e9ritable r\u00e9flexion personnelle. Ils se montrent capables de r\u00e9ussir les tests et examens qui les attendent dans la poursuite de leurs \u00e9tudes ou d\u2019une formation professionnelle. Et surtout, ils sont pr\u00eats pour faire face aux d\u00e9fis de leur temps.[\/vc_column_text][vc_empty_space height=\u00a0\u00bb125&Prime;][\/vc_column][vc_column offset=\u00a0\u00bbvc_col-lg-offset-0 vc_col-lg-6 vc_col-md-offset-0 vc_col-md-6 vc_col-sm-offset-0&Prime;][vc_empty_space height=\u00a0\u00bb10&Prime;][vc_single_image image=\u00a0\u00bb30140&Prime; img_size=\u00a0\u00bbfull\u00a0\u00bb alignment=\u00a0\u00bbcenter\u00a0\u00bb css_animation=\u00a0\u00bbtop-to-bottom\u00a0\u00bb][vc_empty_space height=\u00a0\u00bb30px\u00a0\u00bb][\/vc_column][\/vc_row][vc_row row_type=\u00a0\u00bbrow\u00a0\u00bb content_width=\u00a0\u00bbgrid\u00a0\u00bb anchor=\u00a0\u00bb\u00a0\u00bb content_aligment=\u00a0\u00bbcenter\u00a0\u00bb css_animation=\u00a0\u00bb\u00a0\u00bb css=\u00a0\u00bb.vc_custom_1445953129611{background-color: #f4ede6 !important;}\u00a0\u00bb][vc_column][vc_empty_space height=\u00a0\u00bb52&Prime;][vc_column_text]<em>Les adolescents repr\u00e9sentent le 50% de la population mondiale actuelle\u00a0; ce sont eux qui construiront le monde de demain.<\/em><\/p>\n<p>Montessori Adolescent Summit, Prague, juillet 2017[\/vc_column_text][vc_empty_space height=\u00a0\u00bb52&Prime;][\/vc_column][\/vc_row][vc_row row_type=\u00a0\u00bbrow\u00a0\u00bb content_width=\u00a0\u00bbgrid\u00a0\u00bb anchor=\u00a0\u00bb\u00a0\u00bb content_aligment=\u00a0\u00bbright\u00a0\u00bb css_animation=\u00a0\u00bb\u00a0\u00bb css=\u00a0\u00bb.vc_custom_1567364566600{background-color: #f4ede6 !important;}\u00a0\u00bb][vc_column][vc_empty_space height=\u00a0\u00bb52&Prime;]<a href=\"https:\/\/ardem.ch\/fr\/en\/montessori-schools\/\" target=\"_self\"  class=\"eltd-btn eltd-btn-small eltd-btn-outline\"  >\n    <span class=\"eltd-btn-text\">Retour sur les \u00e9coles<\/span>\n    <\/a>[vc_empty_space height=\u00a0\u00bb52&Prime;][\/vc_column][\/vc_row]<\/p>\n","protected":false},"excerpt":{"rendered":"<p>[vc_row row_type=\u00a0\u00bbparallax\u00a0\u00bb content_width=\u00a0\u00bbgrid\u00a0\u00bb anchor=\u00a0\u00bb\u00a0\u00bb bottom_triangle=\u00a0\u00bbno\u00a0\u00bb content_aligment=\u00a0\u00bbleft\u00a0\u00bb full_screen_section_height=\u00a0\u00bbno\u00a0\u00bb section_height=\u00a0\u00bb430&Prime; parallax_background_image=\u00a0\u00bb3294&Prime; parallax_speed=\u00a0\u00bb\u00a0\u00bb][vc_column offset=\u00a0\u00bbvc_col-lg-offset-0 vc_col-lg-6 vc_col-md-offset-0 vc_col-md-6 vc_col-sm-offset-0&Prime;][vc_empty_space height=\u00a0\u00bb20&Prime;][vc_single_image image=\u00a0\u00bb30009&Prime; img_size=\u00a0\u00bbfull\u00a0\u00bb css_animation=\u00a0\u00bbtop-to-bottom\u00a0\u00bb][vc_empty_space height=\u00a0\u00bb40px\u00a0\u00bb][vc_column_text] Some Facts [\/vc_column_text][\/vc_column][vc_column offset=\u00a0\u00bbvc_col-lg-offset-0 vc_col-lg-6 vc_col-md-offset-0 vc_col-md-6 vc_col-sm-offset-0&Prime;][vc_empty_space height=\u00a0\u00bb20&Prime;][vc_single_image image=\u00a0\u00bb30043&Prime; img_size=\u00a0\u00bbmedium\u00a0\u00bb][vc_empty_space][vc_column_text]11 rue de l&rsquo;Union 1800 Vevey T\u00e9l.\u00a0 021 923 72 63 Email\u00a0 \u00a0info@montessorivevey.com Site web\u00a0\u00a0&#8230;<\/p>\n","protected":false},"author":1,"featured_media":0,"parent":0,"menu_order":12,"comment_status":"closed","ping_status":"closed","template":"full-width.php","meta":{"footnotes":""},"class_list":["post-31934","page","type-page","status-publish","hentry"],"_links":{"self":[{"href":"https:\/\/ardem.ch\/fr\/wp-json\/wp\/v2\/pages\/31934","targetHints":{"allow":["GET"]}}],"collection":[{"href":"https:\/\/ardem.ch\/fr\/wp-json\/wp\/v2\/pages"}],"about":[{"href":"https:\/\/ardem.ch\/fr\/wp-json\/wp\/v2\/types\/page"}],"author":[{"embeddable":true,"href":"https:\/\/ardem.ch\/fr\/wp-json\/wp\/v2\/users\/1"}],"replies":[{"embeddable":true,"href":"https:\/\/ardem.ch\/fr\/wp-json\/wp\/v2\/comments?post=31934"}],"version-history":[{"count":20,"href":"https:\/\/ardem.ch\/fr\/wp-json\/wp\/v2\/pages\/31934\/revisions"}],"predecessor-version":[{"id":32129,"href":"https:\/\/ardem.ch\/fr\/wp-json\/wp\/v2\/pages\/31934\/revisions\/32129"}],"wp:attachment":[{"href":"https:\/\/ardem.ch\/fr\/wp-json\/wp\/v2\/media?parent=31934"}],"curies":[{"name":"wp","href":"https:\/\/api.w.org\/{rel}","templated":true}]}}